{"id":5148,"date":"2026-02-24T11:20:19","date_gmt":"2026-02-24T11:20:19","guid":{"rendered":"https:\/\/web.deec.uc.pt\/?page_id=5148"},"modified":"2026-02-24T14:55:24","modified_gmt":"2026-02-24T14:55:24","slug":"codeec2025-we","status":"publish","type":"page","link":"https:\/\/web.deec.uc.pt\/en\/codeec2025-we\/","title":{"rendered":"CoDEEC2025 &#8211; WE"},"content":{"rendered":"<div data-elementor-type=\"wp-post\" data-elementor-id=\"5148\" class=\"elementor elementor-5148\" data-elementor-settings=\"{&quot;ha_cmc_init_switcher&quot;:&quot;no&quot;}\" data-elementor-post-type=\"page\">\n\t\t\t\t\t\t<section class=\"elementor-section elementor-top-section elementor-element elementor-element-12da867a elementor-section-height-min-height elementor-section-boxed elementor-section-height-default elementor-section-items-middle\" data-id=\"12da867a\" data-element_type=\"section\" data-settings=\"{&quot;background_background&quot;:&quot;slideshow&quot;,&quot;background_slideshow_gallery&quot;:[{&quot;id&quot;:597,&quot;url&quot;:&quot;https:\\\/\\\/web.deec.uc.pt\\\/wp-content\\\/uploads\\\/2021\\\/07\\\/V1-Po-scaled.jpg&quot;},{&quot;id&quot;:576,&quot;url&quot;:&quot;https:\\\/\\\/web.deec.uc.pt\\\/wp-content\\\/uploads\\\/2021\\\/07\\\/V1-Polo-II-Univers-scaled.jpg&quot;},{&quot;id&quot;:580,&quot;url&quot;:&quot;https:\\\/\\\/web.deec.uc.pt\\\/wp-content\\\/uploads\\\/2021\\\/07\\\/V1-Polo-IIbhjkg-scaled.jpg&quot;},{&quot;id&quot;:593,&quot;url&quot;:&quot;https:\\\/\\\/web.deec.uc.pt\\\/wp-content\\\/uploads\\\/2021\\\/07\\\/V1-Polo-II-Univ-scaled.jpg&quot;},{&quot;id&quot;:581,&quot;url&quot;:&quot;https:\\\/\\\/web.deec.uc.pt\\\/wp-content\\\/uploads\\\/2021\\\/07\\\/V1-Polo-II-Universidade-Coimbra-336-scaled.jpg&quot;},{&quot;id&quot;:592,&quot;url&quot;:&quot;https:\\\/\\\/web.deec.uc.pt\\\/wp-content\\\/uploads\\\/2021\\\/07\\\/V1-Polo-II-Univugj-scaled.jpg&quot;}],&quot;background_slideshow_loop&quot;:&quot;yes&quot;,&quot;background_slideshow_slide_duration&quot;:5000,&quot;background_slideshow_slide_transition&quot;:&quot;fade&quot;,&quot;background_slideshow_transition_duration&quot;:500,&quot;_ha_eqh_enable&quot;:false}\">\n\t\t\t\t\t\t\t<div class=\"elementor-background-overlay\"><\/div>\n\t\t\t\t\t\t\t<div class=\"elementor-container elementor-column-gap-default\">\n\t\t\t\t\t<div class=\"elementor-column elementor-col-100 elementor-top-column elementor-element elementor-element-655902db\" data-id=\"655902db\" data-element_type=\"column\">\n\t\t\t<div class=\"elementor-widget-wrap elementor-element-populated\">\n\t\t\t\t\t\t<div class=\"elementor-element elementor-element-c73c6d5 elementor-widget__width-initial elementor-hidden-phone elementor-widget elementor-widget-image\" data-id=\"c73c6d5\" data-element_type=\"widget\" data-widget_type=\"image.default\">\n\t\t\t\t<div class=\"elementor-widget-container\">\n\t\t\t\t\t\t\t\t\t\t\t\t\t\t\t<img fetchpriority=\"high\" decoding=\"async\" width=\"2173\" height=\"604\" src=\"https:\/\/web.deec.uc.pt\/wp-content\/uploads\/2021\/07\/Logo-ste.png\" class=\"attachment-full size-full wp-image-236\" alt=\"\" srcset=\"https:\/\/web.deec.uc.pt\/wp-content\/uploads\/2021\/07\/Logo-ste.png 2173w, https:\/\/web.deec.uc.pt\/wp-content\/uploads\/2021\/07\/Logo-ste-300x83.png 300w, https:\/\/web.deec.uc.pt\/wp-content\/uploads\/2021\/07\/Logo-ste-1024x285.png 1024w, https:\/\/web.deec.uc.pt\/wp-content\/uploads\/2021\/07\/Logo-ste-768x213.png 768w, https:\/\/web.deec.uc.pt\/wp-content\/uploads\/2021\/07\/Logo-ste-1536x427.png 1536w, https:\/\/web.deec.uc.pt\/wp-content\/uploads\/2021\/07\/Logo-ste-2048x569.png 2048w, https:\/\/web.deec.uc.pt\/wp-content\/uploads\/2021\/07\/Logo-ste-1568x436.png 1568w\" sizes=\"(max-width: 2173px) 100vw, 2173px\" \/>\t\t\t\t\t\t\t\t\t\t\t\t\t\t\t<\/div>\n\t\t\t\t<\/div>\n\t\t\t\t<div class=\"elementor-element elementor-element-ef71d56 elementor-widget__width-initial elementor-absolute elementor-widget elementor-widget-image\" data-id=\"ef71d56\" data-element_type=\"widget\" data-settings=\"{&quot;_position&quot;:&quot;absolute&quot;}\" data-widget_type=\"image.default\">\n\t\t\t\t<div class=\"elementor-widget-container\">\n\t\t\t\t\t\t\t\t\t\t\t\t\t\t\t<img decoding=\"async\" width=\"2063\" height=\"726\" src=\"https:\/\/web.deec.uc.pt\/wp-content\/uploads\/2021\/06\/Logodeec-1.png\" class=\"attachment-full size-full wp-image-201\" alt=\"\" srcset=\"https:\/\/web.deec.uc.pt\/wp-content\/uploads\/2021\/06\/Logodeec-1.png 2063w, https:\/\/web.deec.uc.pt\/wp-content\/uploads\/2021\/06\/Logodeec-1-300x106.png 300w, https:\/\/web.deec.uc.pt\/wp-content\/uploads\/2021\/06\/Logodeec-1-1024x360.png 1024w, https:\/\/web.deec.uc.pt\/wp-content\/uploads\/2021\/06\/Logodeec-1-768x270.png 768w, https:\/\/web.deec.uc.pt\/wp-content\/uploads\/2021\/06\/Logodeec-1-1536x541.png 1536w, https:\/\/web.deec.uc.pt\/wp-content\/uploads\/2021\/06\/Logodeec-1-2048x721.png 2048w, https:\/\/web.deec.uc.pt\/wp-content\/uploads\/2021\/06\/Logodeec-1-1568x552.png 1568w\" sizes=\"(max-width: 2063px) 100vw, 2063px\" \/>\t\t\t\t\t\t\t\t\t\t\t\t\t\t\t<\/div>\n\t\t\t\t<\/div>\n\t\t\t\t<div class=\"elementor-element elementor-element-cd56bab elementor-widget elementor-widget-spacer\" data-id=\"cd56bab\" data-element_type=\"widget\" data-widget_type=\"spacer.default\">\n\t\t\t\t<div class=\"elementor-widget-container\">\n\t\t\t\t\t\t\t<div class=\"elementor-spacer\">\n\t\t\t<div class=\"elementor-spacer-inner\"><\/div>\n\t\t<\/div>\n\t\t\t\t\t\t<\/div>\n\t\t\t\t<\/div>\n\t\t\t\t<div class=\"elementor-element elementor-element-72e03844 elementor-widget elementor-widget-heading\" data-id=\"72e03844\" data-element_type=\"widget\" data-widget_type=\"heading.default\">\n\t\t\t\t<div class=\"elementor-widget-container\">\n\t\t\t\t\t<h1 class=\"elementor-heading-title elementor-size-default\">CoDEEC 2025\n<h4 class=\"red-text\" style=\"color: white\"> 5th Conference of the Department of Electrical and Computer Engineering  Winter 2025<\/h4><\/h1>\t\t\t\t<\/div>\n\t\t\t\t<\/div>\n\t\t\t\t<div class=\"elementor-element elementor-element-6e1be56 elementor-widget elementor-widget-menu-anchor\" data-id=\"6e1be56\" data-element_type=\"widget\" data-widget_type=\"menu-anchor.default\">\n\t\t\t\t<div class=\"elementor-widget-container\">\n\t\t\t\t\t\t\t<div class=\"elementor-menu-anchor\" id=\"meec\"><\/div>\n\t\t\t\t\t\t<\/div>\n\t\t\t\t<\/div>\n\t\t\t\t\t<\/div>\n\t\t<\/div>\n\t\t\t\t\t<\/div>\n\t\t<\/section>\n\t\t\t\t<section class=\"elementor-section elementor-top-section elementor-element elementor-element-5b5fa4d6 elementor-section-height-min-height elementor-section-items-stretch elementor-section-boxed elementor-section-height-default\" data-id=\"5b5fa4d6\" data-element_type=\"section\" data-settings=\"{&quot;_ha_eqh_enable&quot;:false}\">\n\t\t\t\t\t\t<div class=\"elementor-container elementor-column-gap-default\">\n\t\t\t\t\t<div class=\"elementor-column elementor-col-100 elementor-top-column elementor-element elementor-element-483120ff\" data-id=\"483120ff\" data-element_type=\"column\" data-settings=\"{&quot;background_background&quot;:&quot;classic&quot;}\">\n\t\t\t<div class=\"elementor-widget-wrap elementor-element-populated\">\n\t\t\t\t\t\t<section class=\"elementor-section elementor-inner-section elementor-element elementor-element-5d7b6d9b elementor-section-boxed elementor-section-height-default elementor-section-height-default\" data-id=\"5d7b6d9b\" data-element_type=\"section\" data-settings=\"{&quot;_ha_eqh_enable&quot;:false}\">\n\t\t\t\t\t\t<div class=\"elementor-container elementor-column-gap-default\">\n\t\t\t\t\t<div class=\"elementor-column elementor-col-33 elementor-inner-column elementor-element elementor-element-68661845\" data-id=\"68661845\" data-element_type=\"column\">\n\t\t\t<div class=\"elementor-widget-wrap elementor-element-populated\">\n\t\t\t\t\t\t<div class=\"elementor-element elementor-element-711bf5c0 elementor-widget elementor-widget-heading\" data-id=\"711bf5c0\" data-element_type=\"widget\" data-widget_type=\"heading.default\">\n\t\t\t\t<div class=\"elementor-widget-container\">\n\t\t\t\t\t<h3 class=\"elementor-heading-title elementor-size-default\">V\u00e1rios<\/h3>\t\t\t\t<\/div>\n\t\t\t\t<\/div>\n\t\t\t\t<div class=\"elementor-element elementor-element-27ef0ecf elementor-widget elementor-widget-heading\" data-id=\"27ef0ecf\" data-element_type=\"widget\" data-widget_type=\"heading.default\">\n\t\t\t\t<div class=\"elementor-widget-container\">\n\t\t\t\t\t<h3 class=\"elementor-heading-title elementor-size-default\">Oradores<\/h3>\t\t\t\t<\/div>\n\t\t\t\t<\/div>\n\t\t\t\t\t<\/div>\n\t\t<\/div>\n\t\t\t\t<div class=\"elementor-column elementor-col-33 elementor-inner-column elementor-element elementor-element-3f20a1d8\" data-id=\"3f20a1d8\" data-element_type=\"column\">\n\t\t\t<div class=\"elementor-widget-wrap elementor-element-populated\">\n\t\t\t\t\t\t<div class=\"elementor-element elementor-element-2e7f8a78 elementor-widget elementor-widget-heading\" data-id=\"2e7f8a78\" data-element_type=\"widget\" data-widget_type=\"heading.default\">\n\t\t\t\t<div class=\"elementor-widget-container\">\n\t\t\t\t\t<h3 class=\"elementor-heading-title elementor-size-default\">CoDEEC<\/h3>\t\t\t\t<\/div>\n\t\t\t\t<\/div>\n\t\t\t\t<div class=\"elementor-element elementor-element-7925264a elementor-widget elementor-widget-heading\" data-id=\"7925264a\" data-element_type=\"widget\" data-widget_type=\"heading.default\">\n\t\t\t\t<div class=\"elementor-widget-container\">\n\t\t\t\t\t<h3 class=\"elementor-heading-title elementor-size-default\">2025<\/h3>\t\t\t\t<\/div>\n\t\t\t\t<\/div>\n\t\t\t\t\t<\/div>\n\t\t<\/div>\n\t\t\t\t<div class=\"elementor-column elementor-col-33 elementor-inner-column elementor-element elementor-element-2aaea675\" data-id=\"2aaea675\" data-element_type=\"column\">\n\t\t\t<div class=\"elementor-widget-wrap elementor-element-populated\">\n\t\t\t\t\t\t<div class=\"elementor-element elementor-element-83e067 elementor-widget elementor-widget-heading\" data-id=\"83e067\" data-element_type=\"widget\" data-widget_type=\"heading.default\">\n\t\t\t\t<div class=\"elementor-widget-container\">\n\t\t\t\t\t<h3 class=\"elementor-heading-title elementor-size-default\">120<\/h3>\t\t\t\t<\/div>\n\t\t\t\t<\/div>\n\t\t\t\t<div class=\"elementor-element elementor-element-1d5c0f90 elementor-widget elementor-widget-heading\" data-id=\"1d5c0f90\" data-element_type=\"widget\" data-widget_type=\"heading.default\">\n\t\t\t\t<div class=\"elementor-widget-container\">\n\t\t\t\t\t<h3 class=\"elementor-heading-title elementor-size-default\">Estudantes<\/h3>\t\t\t\t<\/div>\n\t\t\t\t<\/div>\n\t\t\t\t\t<\/div>\n\t\t<\/div>\n\t\t\t\t\t<\/div>\n\t\t<\/section>\n\t\t\t\t\t<\/div>\n\t\t<\/div>\n\t\t\t\t\t<\/div>\n\t\t<\/section>\n\t\t\t\t<section class=\"elementor-section elementor-top-section elementor-element elementor-element-d19b7e2 elementor-section-boxed elementor-section-height-default elementor-section-height-default\" data-id=\"d19b7e2\" data-element_type=\"section\" data-settings=\"{&quot;_ha_eqh_enable&quot;:false}\">\n\t\t\t\t\t\t<div class=\"elementor-container elementor-column-gap-default\">\n\t\t\t\t\t<div class=\"elementor-column elementor-col-100 elementor-top-column elementor-element elementor-element-4df5037b\" data-id=\"4df5037b\" data-element_type=\"column\">\n\t\t\t<div class=\"elementor-widget-wrap elementor-element-populated\">\n\t\t\t\t\t\t<div class=\"elementor-element elementor-element-46c15aef elementor-widget elementor-widget-heading\" data-id=\"46c15aef\" data-element_type=\"widget\" data-widget_type=\"heading.default\">\n\t\t\t\t<div class=\"elementor-widget-container\">\n\t\t\t\t\t<h4 class=\"elementor-heading-title elementor-size-default\">More information<\/h4>\t\t\t\t<\/div>\n\t\t\t\t<\/div>\n\t\t\t\t<section class=\"elementor-section elementor-inner-section elementor-element elementor-element-6a210add elementor-section-content-middle elementor-section-boxed elementor-section-height-default elementor-section-height-default\" data-id=\"6a210add\" data-element_type=\"section\" data-settings=\"{&quot;_ha_eqh_enable&quot;:false}\">\n\t\t\t\t\t\t<div class=\"elementor-container elementor-column-gap-no\">\n\t\t\t\t\t<div class=\"elementor-column elementor-col-33 elementor-inner-column elementor-element elementor-element-11ebf4fa\" data-id=\"11ebf4fa\" data-element_type=\"column\">\n\t\t\t<div class=\"elementor-widget-wrap elementor-element-populated\">\n\t\t\t\t\t\t<div class=\"elementor-element elementor-element-6bf014da elementor-position-top elementor-widget elementor-widget-image-box\" data-id=\"6bf014da\" data-element_type=\"widget\" data-widget_type=\"image-box.default\">\n\t\t\t\t<div class=\"elementor-widget-container\">\n\t\t\t\t\t<div class=\"elementor-image-box-wrapper\"><figure class=\"elementor-image-box-img\"><a href=\"https:\/\/drive.deec.uc.pt\/d\/s\/16xtVIDgidyiErLmJUmurCkGxjdct7DS\/IYMDyY1uI8wARXQjb3uMFk7mn2W94CVo-S7XgAJQy_ww\" tabindex=\"-1\"><img decoding=\"async\" width=\"225\" height=\"225\" src=\"https:\/\/web.deec.uc.pt\/wp-content\/uploads\/2022\/02\/G30PsVeE3n-1.png\" class=\"attachment-medium size-medium wp-image-884\" alt=\"\" srcset=\"https:\/\/web.deec.uc.pt\/wp-content\/uploads\/2022\/02\/G30PsVeE3n-1.png 225w, https:\/\/web.deec.uc.pt\/wp-content\/uploads\/2022\/02\/G30PsVeE3n-1-150x150.png 150w\" sizes=\"(max-width: 225px) 100vw, 225px\" \/><\/a><\/figure><div class=\"elementor-image-box-content\"><h3 class=\"elementor-image-box-title\"><a href=\"https:\/\/drive.deec.uc.pt\/d\/s\/16xtVIDgidyiErLmJUmurCkGxjdct7DS\/IYMDyY1uI8wARXQjb3uMFk7mn2W94CVo-S7XgAJQy_ww\">Leaflet<\/a><\/h3><\/div><\/div>\t\t\t\t<\/div>\n\t\t\t\t<\/div>\n\t\t\t\t\t<\/div>\n\t\t<\/div>\n\t\t\t\t<div class=\"elementor-column elementor-col-33 elementor-inner-column elementor-element elementor-element-b51cebf\" data-id=\"b51cebf\" data-element_type=\"column\">\n\t\t\t<div class=\"elementor-widget-wrap elementor-element-populated\">\n\t\t\t\t\t\t<div class=\"elementor-element elementor-element-99840f1 elementor-position-top elementor-widget elementor-widget-image-box\" data-id=\"99840f1\" data-element_type=\"widget\" data-widget_type=\"image-box.default\">\n\t\t\t\t<div class=\"elementor-widget-container\">\n\t\t\t\t\t<div class=\"elementor-image-box-wrapper\"><figure class=\"elementor-image-box-img\"><a href=\"https:\/\/drive.deec.uc.pt\/d\/s\/16xnpDoKYagOvJ5y4vPqCwdXV8MkVD12\/CcRyKEwWsvaOq2UAIs0zFYo2gyo-inBb-qrUgwZ0y_ww\" target=\"_blank\" tabindex=\"-1\"><img loading=\"lazy\" decoding=\"async\" width=\"225\" height=\"225\" src=\"https:\/\/web.deec.uc.pt\/wp-content\/uploads\/2022\/02\/V1-Polo-II-Univers.jpg\" class=\"attachment-medium size-medium wp-image-929\" alt=\"\" srcset=\"https:\/\/web.deec.uc.pt\/wp-content\/uploads\/2022\/02\/V1-Polo-II-Univers.jpg 225w, https:\/\/web.deec.uc.pt\/wp-content\/uploads\/2022\/02\/V1-Polo-II-Univers-150x150.jpg 150w\" sizes=\"(max-width: 225px) 100vw, 225px\" \/><\/a><\/figure><div class=\"elementor-image-box-content\"><h3 class=\"elementor-image-box-title\"><a href=\"https:\/\/drive.deec.uc.pt\/d\/s\/16xnpDoKYagOvJ5y4vPqCwdXV8MkVD12\/CcRyKEwWsvaOq2UAIs0zFYo2gyo-inBb-qrUgwZ0y_ww\" target=\"_blank\">Posters<\/a><\/h3><\/div><\/div>\t\t\t\t<\/div>\n\t\t\t\t<\/div>\n\t\t\t\t\t<\/div>\n\t\t<\/div>\n\t\t\t\t<div class=\"elementor-column elementor-col-33 elementor-inner-column elementor-element elementor-element-5ed97e9f\" data-id=\"5ed97e9f\" data-element_type=\"column\">\n\t\t\t<div class=\"elementor-widget-wrap elementor-element-populated\">\n\t\t\t\t\t\t<div class=\"elementor-element elementor-element-2e1416d1 elementor-position-top elementor-widget elementor-widget-image-box\" data-id=\"2e1416d1\" data-element_type=\"widget\" data-widget_type=\"image-box.default\">\n\t\t\t\t<div class=\"elementor-widget-container\">\n\t\t\t\t\t<div class=\"elementor-image-box-wrapper\"><figure class=\"elementor-image-box-img\"><a href=\"https:\/\/drive.deec.uc.pt\/d\/s\/16xt9HUiua9ocwPypeqfx80TP152sPHH\/-nZhj_UnlytfdfNibaURYLkTVN2EadJP-eLWA4Zgy_ww\" tabindex=\"-1\"><img loading=\"lazy\" decoding=\"async\" width=\"225\" height=\"225\" src=\"https:\/\/web.deec.uc.pt\/wp-content\/uploads\/2022\/02\/Poster-1.png\" class=\"attachment-full size-full wp-image-893\" alt=\"\" srcset=\"https:\/\/web.deec.uc.pt\/wp-content\/uploads\/2022\/02\/Poster-1.png 225w, https:\/\/web.deec.uc.pt\/wp-content\/uploads\/2022\/02\/Poster-1-150x150.png 150w\" sizes=\"(max-width: 225px) 100vw, 225px\" \/><\/a><\/figure><div class=\"elementor-image-box-content\"><h3 class=\"elementor-image-box-title\"><a href=\"https:\/\/drive.deec.uc.pt\/d\/s\/16xt9HUiua9ocwPypeqfx80TP152sPHH\/-nZhj_UnlytfdfNibaURYLkTVN2EadJP-eLWA4Zgy_ww\">Artigos<\/a><\/h3><\/div><\/div>\t\t\t\t<\/div>\n\t\t\t\t<\/div>\n\t\t\t\t\t<\/div>\n\t\t<\/div>\n\t\t\t\t\t<\/div>\n\t\t<\/section>\n\t\t\t\t\t<\/div>\n\t\t<\/div>\n\t\t\t\t\t<\/div>\n\t\t<\/section>\n\t\t\t\t<section class=\"elementor-section elementor-top-section elementor-element elementor-element-c406c0c elementor-section-boxed elementor-section-height-default elementor-section-height-default\" data-id=\"c406c0c\" data-element_type=\"section\" data-settings=\"{&quot;_ha_eqh_enable&quot;:false}\">\n\t\t\t\t\t\t<div class=\"elementor-container elementor-column-gap-default\">\n\t\t\t\t\t<div class=\"elementor-column elementor-col-100 elementor-top-column elementor-element elementor-element-2950fe4\" data-id=\"2950fe4\" data-element_type=\"column\">\n\t\t\t<div class=\"elementor-widget-wrap elementor-element-populated\">\n\t\t\t\t\t\t<div class=\"elementor-element elementor-element-2838278 elementor-widget elementor-widget-spacer\" data-id=\"2838278\" data-element_type=\"widget\" data-widget_type=\"spacer.default\">\n\t\t\t\t<div class=\"elementor-widget-container\">\n\t\t\t\t\t\t\t<div class=\"elementor-spacer\">\n\t\t\t<div class=\"elementor-spacer-inner\"><\/div>\n\t\t<\/div>\n\t\t\t\t\t\t<\/div>\n\t\t\t\t<\/div>\n\t\t\t\t\t<\/div>\n\t\t<\/div>\n\t\t\t\t\t<\/div>\n\t\t<\/section>\n\t\t\t\t<\/div>","protected":false},"excerpt":{"rendered":"<p>CoDEEC 2025 5th Conference of the Department of Electrical and Computer Engineering Winter 2025 V\u00e1rios Oradores CoDEEC 2025 120 Estudantes Mais informa\u00e7\u00f5es Leaflet Posters Artigos<\/p>","protected":false},"author":1,"featured_media":35,"parent":0,"menu_order":0,"comment_status":"closed","ping_status":"closed","template":"elementor_header_footer","meta":{"_et_pb_use_builder":"","_et_pb_old_content":"","_et_gb_content_width":"","footnotes":""},"class_list":["post-5148","page","type-page","status-publish","has-post-thumbnail","hentry"],"_links":{"self":[{"href":"https:\/\/web.deec.uc.pt\/en\/wp-json\/wp\/v2\/pages\/5148","targetHints":{"allow":["GET"]}}],"collection":[{"href":"https:\/\/web.deec.uc.pt\/en\/wp-json\/wp\/v2\/pages"}],"about":[{"href":"https:\/\/web.deec.uc.pt\/en\/wp-json\/wp\/v2\/types\/page"}],"author":[{"embeddable":true,"href":"https:\/\/web.deec.uc.pt\/en\/wp-json\/wp\/v2\/users\/1"}],"replies":[{"embeddable":true,"href":"https:\/\/web.deec.uc.pt\/en\/wp-json\/wp\/v2\/comments?post=5148"}],"version-history":[{"count":13,"href":"https:\/\/web.deec.uc.pt\/en\/wp-json\/wp\/v2\/pages\/5148\/revisions"}],"predecessor-version":[{"id":5184,"href":"https:\/\/web.deec.uc.pt\/en\/wp-json\/wp\/v2\/pages\/5148\/revisions\/5184"}],"wp:featuredmedia":[{"embeddable":true,"href":"https:\/\/web.deec.uc.pt\/en\/wp-json\/wp\/v2\/media\/35"}],"wp:attachment":[{"href":"https:\/\/web.deec.uc.pt\/en\/wp-json\/wp\/v2\/media?parent=5148"}],"curies":[{"name":"wp","href":"https:\/\/api.w.org\/{rel}","templated":true}]}}