{"id":3579,"date":"2024-12-19T09:09:12","date_gmt":"2024-12-19T09:09:12","guid":{"rendered":"https:\/\/web.deec.uc.pt\/?page_id=3579"},"modified":"2026-01-26T17:31:37","modified_gmt":"2026-01-26T17:31:37","slug":"investigacao","status":"publish","type":"page","link":"https:\/\/web.deec.uc.pt\/en\/investigacao\/","title":{"rendered":"Research"},"content":{"rendered":"<div data-elementor-type=\"wp-post\" data-elementor-id=\"3579\" class=\"elementor elementor-3579\" data-elementor-settings=\"{&quot;ha_cmc_init_switcher&quot;:&quot;no&quot;}\" data-elementor-post-type=\"page\">\n\t\t\t\t\t\t<section class=\"elementor-section elementor-top-section elementor-element elementor-element-7372795 elementor-hidden-desktop elementor-section-boxed elementor-section-height-default elementor-section-height-default\" data-id=\"7372795\" data-element_type=\"section\" data-settings=\"{&quot;_ha_eqh_enable&quot;:false}\">\n\t\t\t\t\t\t<div class=\"elementor-container elementor-column-gap-default\">\n\t\t\t\t\t<div class=\"elementor-column elementor-col-100 elementor-top-column elementor-element elementor-element-f8916a3\" data-id=\"f8916a3\" data-element_type=\"column\">\n\t\t\t<div class=\"elementor-widget-wrap elementor-element-populated\">\n\t\t\t\t\t\t<div class=\"elementor-element elementor-element-561d67b e-transform elementor-arrows-position-inside elementor-widget elementor-widget-image-carousel\" data-id=\"561d67b\" data-element_type=\"widget\" data-settings=\"{&quot;slides_to_show&quot;:&quot;1&quot;,&quot;navigation&quot;:&quot;arrows&quot;,&quot;effect&quot;:&quot;fade&quot;,&quot;_transform_skewX_effect&quot;:{&quot;unit&quot;:&quot;px&quot;,&quot;size&quot;:0,&quot;sizes&quot;:[]},&quot;autoplay&quot;:&quot;yes&quot;,&quot;pause_on_hover&quot;:&quot;yes&quot;,&quot;pause_on_interaction&quot;:&quot;yes&quot;,&quot;autoplay_speed&quot;:5000,&quot;infinite&quot;:&quot;yes&quot;,&quot;speed&quot;:500,&quot;_transform_skewX_effect_tablet&quot;:{&quot;unit&quot;:&quot;deg&quot;,&quot;size&quot;:&quot;&quot;,&quot;sizes&quot;:[]},&quot;_transform_skewX_effect_mobile&quot;:{&quot;unit&quot;:&quot;deg&quot;,&quot;size&quot;:&quot;&quot;,&quot;sizes&quot;:[]},&quot;_transform_skewY_effect&quot;:{&quot;unit&quot;:&quot;px&quot;,&quot;size&quot;:&quot;&quot;,&quot;sizes&quot;:[]},&quot;_transform_skewY_effect_tablet&quot;:{&quot;unit&quot;:&quot;deg&quot;,&quot;size&quot;:&quot;&quot;,&quot;sizes&quot;:[]},&quot;_transform_skewY_effect_mobile&quot;:{&quot;unit&quot;:&quot;deg&quot;,&quot;size&quot;:&quot;&quot;,&quot;sizes&quot;:[]}}\" data-widget_type=\"image-carousel.default\">\n\t\t\t\t<div class=\"elementor-widget-container\">\n\t\t\t\t\t\t\t<div class=\"elementor-image-carousel-wrapper swiper\" role=\"region\" aria-roledescription=\"carousel\" aria-label=\"Carrossel de imagens\" dir=\"ltr\">\n\t\t\t<div class=\"elementor-image-carousel swiper-wrapper swiper-image-stretch\" aria-live=\"off\">\n\t\t\t\t\t\t\t\t<div class=\"swiper-slide\" role=\"group\" aria-roledescription=\"slide\" aria-label=\"1 of 8\"><figure class=\"swiper-slide-inner\"><img decoding=\"async\" class=\"swiper-slide-image\" src=\"https:\/\/web.deec.uc.pt\/wp-content\/uploads\/elementor\/thumbs\/V1-Polo-II-Universidade-Coimbra-288-scaled-e1741628871146-r2nygmhkr9ijwk8lsbtmvcbkmiifl47kq0tq7ret5s.jpg\" alt=\"V1 - Polo II Universidade Coimbra-288\" \/><\/figure><\/div><div class=\"swiper-slide\" role=\"group\" aria-roledescription=\"slide\" aria-label=\"2 of 8\"><figure class=\"swiper-slide-inner\"><img decoding=\"async\" class=\"swiper-slide-image\" src=\"https:\/\/web.deec.uc.pt\/wp-content\/uploads\/elementor\/thumbs\/V1-Polo-II-Universidade-Coimbra-317-scaled-e1741628883433-r2nygxrn19xzrvs7ygp5p9h3r4yu5hgcrknjz2y334.jpg\" alt=\"V1 - Polo II Universidade Coimbra-317\" \/><\/figure><\/div><div class=\"swiper-slide\" role=\"group\" aria-roledescription=\"slide\" aria-label=\"3 of 8\"><figure class=\"swiper-slide-inner\"><img decoding=\"async\" class=\"swiper-slide-image\" src=\"https:\/\/web.deec.uc.pt\/wp-content\/uploads\/elementor\/thumbs\/V1-Polo-II-Universidade-Coimbra-173-scaled-e1741628897968-r2nyhbv7vsham17qo4sk8nx0nx1ccy0btifu68d6hs.jpg\" alt=\"V1 - Polo II Universidade Coimbra-173\" \/><\/figure><\/div><div class=\"swiper-slide\" role=\"group\" aria-roledescription=\"slide\" aria-label=\"4 of 8\"><figure class=\"swiper-slide-inner\"><img decoding=\"async\" class=\"swiper-slide-image\" src=\"https:\/\/web.deec.uc.pt\/wp-content\/uploads\/elementor\/thumbs\/V1-Polo-II-Universidade-Coimbra-193-scaled-e1741628982974-r2nyjitntvhdpa11v2x823zqka86bips4d8mhh43z4.jpg\" alt=\"V1 - Polo II Universidade Coimbra-193\" \/><\/figure><\/div><div class=\"swiper-slide\" role=\"group\" aria-roledescription=\"slide\" aria-label=\"5 of 8\"><figure class=\"swiper-slide-inner\"><img decoding=\"async\" class=\"swiper-slide-image\" src=\"https:\/\/web.deec.uc.pt\/wp-content\/uploads\/elementor\/thumbs\/V1-Polo-II-Universidade-Coimbra-52-scaled-e1741713754706-r2po0x815dgkt2xx5u2thkf084nrt1rdrohxa3a80w.jpg\" alt=\"V1 - Polo II Universidade Coimbra-52\" \/><\/figure><\/div><div class=\"swiper-slide\" role=\"group\" aria-roledescription=\"slide\" aria-label=\"6 of 8\"><figure class=\"swiper-slide-inner\"><img decoding=\"async\" class=\"swiper-slide-image\" src=\"https:\/\/web.deec.uc.pt\/wp-content\/uploads\/elementor\/thumbs\/V1-Polo-II-Univ-scaled-e1741713928681-r2po5gry6jogx8ccmsrwjf57l69n0dsoe60es8jpy8.jpg\" alt=\"V1 - Polo II Univ\" \/><\/figure><\/div><div class=\"swiper-slide\" role=\"group\" aria-roledescription=\"slide\" aria-label=\"7 of 8\"><figure class=\"swiper-slide-inner\"><img decoding=\"async\" class=\"swiper-slide-image\" src=\"https:\/\/web.deec.uc.pt\/wp-content\/uploads\/elementor\/thumbs\/V1-Polo-II-Universidade-Coimbra-336-scaled-e1741713837217-r2po346h3ggnwbr8cs7hb0hq4hulrmgu2japlc15i8.jpg\" alt=\"V1 - Polo II Universidade Coimbra-336\" \/><\/figure><\/div><div class=\"swiper-slide\" role=\"group\" aria-roledescription=\"slide\" aria-label=\"8 of 8\"><figure class=\"swiper-slide-inner\"><img decoding=\"async\" class=\"swiper-slide-image\" src=\"https:\/\/web.deec.uc.pt\/wp-content\/uploads\/elementor\/thumbs\/V1-Polo-II-Univugj-scaled-q44xovf8f8jcmjclwuayvexpzmd21njjjctf6fk940.jpg\" alt=\"V1 - Polo II Univugj\" \/><\/figure><\/div>\t\t\t<\/div>\n\t\t\t\t\t\t\t\t\t\t\t\t<div class=\"elementor-swiper-button elementor-swiper-button-prev\" role=\"button\" tabindex=\"0\">\n\t\t\t\t\t\t<i aria-hidden=\"true\" class=\"eicon-chevron-left\"><\/i>\t\t\t\t\t<\/div>\n\t\t\t\t\t<div class=\"elementor-swiper-button elementor-swiper-button-next\" role=\"button\" tabindex=\"0\">\n\t\t\t\t\t\t<i aria-hidden=\"true\" class=\"eicon-chevron-right\"><\/i>\t\t\t\t\t<\/div>\n\t\t\t\t\n\t\t\t\t\t\t\t\t\t<\/div>\n\t\t\t\t\t\t<\/div>\n\t\t\t\t<\/div>\n\t\t\t\t<div class=\"elementor-element elementor-element-ddce12e elementor-widget__width-initial elementor-absolute elementor-hidden-mobile elementor-widget elementor-widget-image\" data-id=\"ddce12e\" data-element_type=\"widget\" data-settings=\"{&quot;_position&quot;:&quot;absolute&quot;}\" data-widget_type=\"image.default\">\n\t\t\t\t<div class=\"elementor-widget-container\">\n\t\t\t\t\t\t\t\t\t\t\t\t\t\t\t<img fetchpriority=\"high\" decoding=\"async\" width=\"2063\" height=\"726\" src=\"https:\/\/web.deec.uc.pt\/wp-content\/uploads\/2021\/06\/Logodeec-1.png\" class=\"attachment-full size-full wp-image-201\" alt=\"\" srcset=\"https:\/\/web.deec.uc.pt\/wp-content\/uploads\/2021\/06\/Logodeec-1.png 2063w, https:\/\/web.deec.uc.pt\/wp-content\/uploads\/2021\/06\/Logodeec-1-300x106.png 300w, https:\/\/web.deec.uc.pt\/wp-content\/uploads\/2021\/06\/Logodeec-1-1024x360.png 1024w, https:\/\/web.deec.uc.pt\/wp-content\/uploads\/2021\/06\/Logodeec-1-768x270.png 768w, https:\/\/web.deec.uc.pt\/wp-content\/uploads\/2021\/06\/Logodeec-1-1536x541.png 1536w, https:\/\/web.deec.uc.pt\/wp-content\/uploads\/2021\/06\/Logodeec-1-2048x721.png 2048w, https:\/\/web.deec.uc.pt\/wp-content\/uploads\/2021\/06\/Logodeec-1-1568x552.png 1568w\" sizes=\"(max-width: 2063px) 100vw, 2063px\" \/>\t\t\t\t\t\t\t\t\t\t\t\t\t\t\t<\/div>\n\t\t\t\t<\/div>\n\t\t\t\t<div class=\"elementor-element elementor-element-0467ab1 elementor-widget__width-initial elementor-hidden-mobile elementor-absolute elementor-widget elementor-widget-image\" data-id=\"0467ab1\" data-element_type=\"widget\" data-settings=\"{&quot;_position&quot;:&quot;absolute&quot;}\" data-widget_type=\"image.default\">\n\t\t\t\t<div class=\"elementor-widget-container\">\n\t\t\t\t\t\t\t\t\t\t\t\t\t\t\t<img decoding=\"async\" width=\"2173\" height=\"604\" src=\"https:\/\/web.deec.uc.pt\/wp-content\/uploads\/2021\/07\/Logo-ste.png\" class=\"attachment-full size-full wp-image-236\" alt=\"\" srcset=\"https:\/\/web.deec.uc.pt\/wp-content\/uploads\/2021\/07\/Logo-ste.png 2173w, https:\/\/web.deec.uc.pt\/wp-content\/uploads\/2021\/07\/Logo-ste-300x83.png 300w, https:\/\/web.deec.uc.pt\/wp-content\/uploads\/2021\/07\/Logo-ste-1024x285.png 1024w, https:\/\/web.deec.uc.pt\/wp-content\/uploads\/2021\/07\/Logo-ste-768x213.png 768w, https:\/\/web.deec.uc.pt\/wp-content\/uploads\/2021\/07\/Logo-ste-1536x427.png 1536w, https:\/\/web.deec.uc.pt\/wp-content\/uploads\/2021\/07\/Logo-ste-2048x569.png 2048w, https:\/\/web.deec.uc.pt\/wp-content\/uploads\/2021\/07\/Logo-ste-1568x436.png 1568w\" sizes=\"(max-width: 2173px) 100vw, 2173px\" \/>\t\t\t\t\t\t\t\t\t\t\t\t\t\t\t<\/div>\n\t\t\t\t<\/div>\n\t\t\t\t<div class=\"elementor-element elementor-element-af18b8e elementor-align-center elementor-widget elementor-widget-button\" data-id=\"af18b8e\" data-element_type=\"widget\" data-widget_type=\"button.default\">\n\t\t\t\t<div class=\"elementor-widget-container\">\n\t\t\t\t\t\t\t\t\t<div class=\"elementor-button-wrapper\">\n\t\t\t\t\t<a class=\"elementor-button elementor-button-link elementor-size-sm\" href=\"#\">\n\t\t\t\t\t\t<span class=\"elementor-button-content-wrapper\">\n\t\t\t\t\t\t\t\t\t<span class=\"elementor-button-text\">DEEC | Departamento de Engenharia Eletrot\u00e9cnica e de Computadores<\/span>\n\t\t\t\t\t<\/span>\n\t\t\t\t\t<\/a>\n\t\t\t\t<\/div>\n\t\t\t\t\t\t\t\t<\/div>\n\t\t\t\t<\/div>\n\t\t\t\t\t<\/div>\n\t\t<\/div>\n\t\t\t\t\t<\/div>\n\t\t<\/section>\n\t\t\t\t<section class=\"elementor-section elementor-top-section elementor-element elementor-element-a9c811e elementor-hidden-tablet elementor-hidden-mobile elementor-section-boxed elementor-section-height-default elementor-section-height-default\" data-id=\"a9c811e\" data-element_type=\"section\" data-settings=\"{&quot;_ha_eqh_enable&quot;:false}\">\n\t\t\t\t\t\t<div class=\"elementor-container elementor-column-gap-default\">\n\t\t\t\t\t<div class=\"elementor-column elementor-col-100 elementor-top-column elementor-element elementor-element-735d945\" data-id=\"735d945\" data-element_type=\"column\">\n\t\t\t<div class=\"elementor-widget-wrap elementor-element-populated\">\n\t\t\t\t\t\t<div class=\"elementor-element elementor-element-db0e0e0 e-transform elementor-arrows-position-inside elementor-widget elementor-widget-image-carousel\" data-id=\"db0e0e0\" data-element_type=\"widget\" data-settings=\"{&quot;slides_to_show&quot;:&quot;1&quot;,&quot;navigation&quot;:&quot;arrows&quot;,&quot;effect&quot;:&quot;fade&quot;,&quot;_transform_skewX_effect&quot;:{&quot;unit&quot;:&quot;px&quot;,&quot;size&quot;:0,&quot;sizes&quot;:[]},&quot;autoplay&quot;:&quot;yes&quot;,&quot;pause_on_hover&quot;:&quot;yes&quot;,&quot;pause_on_interaction&quot;:&quot;yes&quot;,&quot;autoplay_speed&quot;:5000,&quot;infinite&quot;:&quot;yes&quot;,&quot;speed&quot;:500,&quot;_transform_skewX_effect_tablet&quot;:{&quot;unit&quot;:&quot;deg&quot;,&quot;size&quot;:&quot;&quot;,&quot;sizes&quot;:[]},&quot;_transform_skewX_effect_mobile&quot;:{&quot;unit&quot;:&quot;deg&quot;,&quot;size&quot;:&quot;&quot;,&quot;sizes&quot;:[]},&quot;_transform_skewY_effect&quot;:{&quot;unit&quot;:&quot;px&quot;,&quot;size&quot;:&quot;&quot;,&quot;sizes&quot;:[]},&quot;_transform_skewY_effect_tablet&quot;:{&quot;unit&quot;:&quot;deg&quot;,&quot;size&quot;:&quot;&quot;,&quot;sizes&quot;:[]},&quot;_transform_skewY_effect_mobile&quot;:{&quot;unit&quot;:&quot;deg&quot;,&quot;size&quot;:&quot;&quot;,&quot;sizes&quot;:[]}}\" data-widget_type=\"image-carousel.default\">\n\t\t\t\t<div class=\"elementor-widget-container\">\n\t\t\t\t\t\t\t<div class=\"elementor-image-carousel-wrapper swiper\" role=\"region\" aria-roledescription=\"carousel\" aria-label=\"Carrossel de imagens\" dir=\"ltr\">\n\t\t\t<div class=\"elementor-image-carousel swiper-wrapper swiper-image-stretch\" aria-live=\"off\">\n\t\t\t\t\t\t\t\t<div class=\"swiper-slide\" role=\"group\" aria-roledescription=\"slide\" aria-label=\"1 of 8\"><figure class=\"swiper-slide-inner\"><img decoding=\"async\" class=\"swiper-slide-image\" src=\"https:\/\/web.deec.uc.pt\/wp-content\/uploads\/elementor\/thumbs\/V1-Polo-II-Universidade-Coimbra-288-scaled-e1741628871146-r2nygmhkr9bqdg55rfo4i2bg0d40aghdk6vpw934n4.jpg\" alt=\"V1 - Polo II Universidade Coimbra-288\" \/><\/figure><\/div><div class=\"swiper-slide\" role=\"group\" aria-roledescription=\"slide\" aria-label=\"2 of 8\"><figure class=\"swiper-slide-inner\"><img decoding=\"async\" class=\"swiper-slide-image\" src=\"https:\/\/web.deec.uc.pt\/wp-content\/uploads\/elementor\/thumbs\/V1-Polo-II-Universidade-Coimbra-317-scaled-e1741628883433-r2nygxrn19r68rorxkjnbzgz4zkeutq5lqpjnkmekg.jpg\" alt=\"V1 - Polo II Universidade Coimbra-317\" \/><\/figure><\/div><div class=\"swiper-slide\" role=\"group\" aria-roledescription=\"slide\" aria-label=\"3 of 8\"><figure class=\"swiper-slide-inner\"><img decoding=\"async\" class=\"swiper-slide-image\" src=\"https:\/\/web.deec.uc.pt\/wp-content\/uploads\/elementor\/thumbs\/V1-Polo-II-Universidade-Coimbra-173-scaled-e1741628897968-r2nyhbv7vsah2x4an8n1vdww1rmx2aa4nohtuq1hz4.jpg\" alt=\"V1 - Polo II Universidade Coimbra-173\" \/><\/figure><\/div><div class=\"swiper-slide\" role=\"group\" aria-roledescription=\"slide\" aria-label=\"4 of 8\"><figure class=\"swiper-slide-inner\"><img decoding=\"async\" class=\"swiper-slide-image\" src=\"https:\/\/web.deec.uc.pt\/wp-content\/uploads\/elementor\/thumbs\/V1-Polo-II-Universidade-Coimbra-193-scaled-e1741628982974-r2nyjitntvak65xlu6rpotzly4tr0uzkyjam5ysfgg.jpg\" alt=\"V1 - Polo II Universidade Coimbra-193\" \/><\/figure><\/div><div class=\"swiper-slide\" role=\"group\" aria-roledescription=\"slide\" aria-label=\"5 of 8\"><figure class=\"swiper-slide-inner\"><img decoding=\"async\" class=\"swiper-slide-image\" src=\"https:\/\/web.deec.uc.pt\/wp-content\/uploads\/elementor\/thumbs\/V1-Polo-II-Universidade-Coimbra-52-scaled-e1741713754706-r2po0x815d9r9yuh4xxb4aevlz9cie16lujwykyji8.jpg\" alt=\"V1 - Polo II Universidade Coimbra-52\" \/><\/figure><\/div><div class=\"swiper-slide\" role=\"group\" aria-roledescription=\"slide\" aria-label=\"6 of 8\"><figure class=\"swiper-slide-inner\"><img decoding=\"async\" class=\"swiper-slide-image\" src=\"https:\/\/web.deec.uc.pt\/wp-content\/uploads\/elementor\/thumbs\/V1-Polo-II-Univ-scaled-e1741713928681-r2po5gry6jhne48wlwme6552z0v7pq2h8c2egq81fk.jpg\" alt=\"V1 - Polo II Univ\" \/><\/figure><\/div><div class=\"swiper-slide\" role=\"group\" aria-roledescription=\"slide\" aria-label=\"7 of 8\"><figure class=\"swiper-slide-inner\"><img decoding=\"async\" class=\"swiper-slide-image\" src=\"https:\/\/web.deec.uc.pt\/wp-content\/uploads\/elementor\/thumbs\/V1-Polo-II-Universidade-Coimbra-336-scaled-e1741713837217-r2po346h3g9ud7nsbw1yxqhlicg6gyqmwpcp9tpgzk.jpg\" alt=\"V1 - Polo II Universidade Coimbra-336\" \/><\/figure><\/div><div class=\"swiper-slide\" role=\"group\" aria-roledescription=\"slide\" aria-label=\"8 of 8\"><figure class=\"swiper-slide-inner\"><img decoding=\"async\" class=\"swiper-slide-image\" src=\"https:\/\/web.deec.uc.pt\/wp-content\/uploads\/elementor\/thumbs\/V1-Polo-II-Univugj-scaled-q44xovf8f8cj3f95vy5gi4xldgymqztcdiveux8klc.jpg\" alt=\"V1 - Polo II Univugj\" \/><\/figure><\/div>\t\t\t<\/div>\n\t\t\t\t\t\t\t\t\t\t\t\t<div class=\"elementor-swiper-button elementor-swiper-button-prev\" role=\"button\" tabindex=\"0\">\n\t\t\t\t\t\t<i aria-hidden=\"true\" class=\"eicon-chevron-left\"><\/i>\t\t\t\t\t<\/div>\n\t\t\t\t\t<div class=\"elementor-swiper-button elementor-swiper-button-next\" role=\"button\" tabindex=\"0\">\n\t\t\t\t\t\t<i aria-hidden=\"true\" class=\"eicon-chevron-right\"><\/i>\t\t\t\t\t<\/div>\n\t\t\t\t\n\t\t\t\t\t\t\t\t\t<\/div>\n\t\t\t\t\t\t<\/div>\n\t\t\t\t<\/div>\n\t\t\t\t<div class=\"elementor-element elementor-element-dd386ce elementor-widget__width-initial elementor-absolute elementor-hidden-mobile elementor-widget elementor-widget-image\" data-id=\"dd386ce\" data-element_type=\"widget\" data-settings=\"{&quot;_position&quot;:&quot;absolute&quot;}\" data-widget_type=\"image.default\">\n\t\t\t\t<div class=\"elementor-widget-container\">\n\t\t\t\t\t\t\t\t\t\t\t\t\t\t\t<img fetchpriority=\"high\" decoding=\"async\" width=\"2063\" height=\"726\" src=\"https:\/\/web.deec.uc.pt\/wp-content\/uploads\/2021\/06\/Logodeec-1.png\" class=\"attachment-full size-full wp-image-201\" alt=\"\" srcset=\"https:\/\/web.deec.uc.pt\/wp-content\/uploads\/2021\/06\/Logodeec-1.png 2063w, https:\/\/web.deec.uc.pt\/wp-content\/uploads\/2021\/06\/Logodeec-1-300x106.png 300w, https:\/\/web.deec.uc.pt\/wp-content\/uploads\/2021\/06\/Logodeec-1-1024x360.png 1024w, https:\/\/web.deec.uc.pt\/wp-content\/uploads\/2021\/06\/Logodeec-1-768x270.png 768w, https:\/\/web.deec.uc.pt\/wp-content\/uploads\/2021\/06\/Logodeec-1-1536x541.png 1536w, https:\/\/web.deec.uc.pt\/wp-content\/uploads\/2021\/06\/Logodeec-1-2048x721.png 2048w, https:\/\/web.deec.uc.pt\/wp-content\/uploads\/2021\/06\/Logodeec-1-1568x552.png 1568w\" sizes=\"(max-width: 2063px) 100vw, 2063px\" \/>\t\t\t\t\t\t\t\t\t\t\t\t\t\t\t<\/div>\n\t\t\t\t<\/div>\n\t\t\t\t<div class=\"elementor-element elementor-element-bb21d97 elementor-widget__width-initial elementor-hidden-mobile elementor-absolute elementor-widget elementor-widget-image\" data-id=\"bb21d97\" data-element_type=\"widget\" data-settings=\"{&quot;_position&quot;:&quot;absolute&quot;}\" data-widget_type=\"image.default\">\n\t\t\t\t<div class=\"elementor-widget-container\">\n\t\t\t\t\t\t\t\t\t\t\t\t\t\t\t<img decoding=\"async\" width=\"2173\" height=\"604\" src=\"https:\/\/web.deec.uc.pt\/wp-content\/uploads\/2021\/07\/Logo-ste.png\" class=\"attachment-full size-full wp-image-236\" alt=\"\" srcset=\"https:\/\/web.deec.uc.pt\/wp-content\/uploads\/2021\/07\/Logo-ste.png 2173w, https:\/\/web.deec.uc.pt\/wp-content\/uploads\/2021\/07\/Logo-ste-300x83.png 300w, https:\/\/web.deec.uc.pt\/wp-content\/uploads\/2021\/07\/Logo-ste-1024x285.png 1024w, https:\/\/web.deec.uc.pt\/wp-content\/uploads\/2021\/07\/Logo-ste-768x213.png 768w, https:\/\/web.deec.uc.pt\/wp-content\/uploads\/2021\/07\/Logo-ste-1536x427.png 1536w, https:\/\/web.deec.uc.pt\/wp-content\/uploads\/2021\/07\/Logo-ste-2048x569.png 2048w, https:\/\/web.deec.uc.pt\/wp-content\/uploads\/2021\/07\/Logo-ste-1568x436.png 1568w\" sizes=\"(max-width: 2173px) 100vw, 2173px\" \/>\t\t\t\t\t\t\t\t\t\t\t\t\t\t\t<\/div>\n\t\t\t\t<\/div>\n\t\t\t\t<div class=\"elementor-element elementor-element-fd0d8b3 elementor-align-center elementor-widget elementor-widget-button\" data-id=\"fd0d8b3\" data-element_type=\"widget\" data-widget_type=\"button.default\">\n\t\t\t\t<div class=\"elementor-widget-container\">\n\t\t\t\t\t\t\t\t\t<div class=\"elementor-button-wrapper\">\n\t\t\t\t\t<a class=\"elementor-button elementor-button-link elementor-size-sm\" href=\"#\">\n\t\t\t\t\t\t<span class=\"elementor-button-content-wrapper\">\n\t\t\t\t\t\t\t\t\t<span class=\"elementor-button-text\">DEEC | Departamento de Engenharia Eletrot\u00e9cnica e de Computadores<\/span>\n\t\t\t\t\t<\/span>\n\t\t\t\t\t<\/a>\n\t\t\t\t<\/div>\n\t\t\t\t\t\t\t\t<\/div>\n\t\t\t\t<\/div>\n\t\t\t\t\t<\/div>\n\t\t<\/div>\n\t\t\t\t\t<\/div>\n\t\t<\/section>\n\t\t\t\t<section class=\"elementor-section elementor-top-section elementor-element elementor-element-62b2f10d elementor-section-boxed elementor-section-height-default elementor-section-height-default\" data-id=\"62b2f10d\" data-element_type=\"section\" data-settings=\"{&quot;_ha_eqh_enable&quot;:false}\">\n\t\t\t\t\t\t<div class=\"elementor-container elementor-column-gap-default\">\n\t\t\t\t\t<div class=\"elementor-column elementor-col-100 elementor-top-column elementor-element elementor-element-54f2d740\" data-id=\"54f2d740\" data-element_type=\"column\">\n\t\t\t<div class=\"elementor-widget-wrap elementor-element-populated\">\n\t\t\t\t\t\t<div class=\"elementor-element elementor-element-323657d5 elementor-widget elementor-widget-heading\" data-id=\"323657d5\" data-element_type=\"widget\" data-widget_type=\"heading.default\">\n\t\t\t\t<div class=\"elementor-widget-container\">\n\t\t\t\t\t<h3 class=\"elementor-heading-title elementor-size-default\">Research<\/h3>\t\t\t\t<\/div>\n\t\t\t\t<\/div>\n\t\t\t\t<div class=\"elementor-element elementor-element-568be49 ha-logo-grid--col-2 ha-logo-grid--box ha-logo-grid--col--tablet2 ha-logo-grid--col--mobile2 elementor-widget elementor-widget-ha-logo-grid happy-addon ha-logo-grid\" data-id=\"568be49\" data-element_type=\"widget\" data-widget_type=\"ha-logo-grid.default\">\n\t\t\t\t<div class=\"elementor-widget-container\">\n\t\t\t\t\t\n        <div class=\"ha-logo-grid-wrapper\">\n                            <a class=\"ha-logo-grid-item ha-logo-grid-link\" href=\"https:\/\/www.isr.uc.pt\/\" target=\"_blank\" rel=\"nofollow\">\n                    <figure class=\"ha-logo-grid-figure\">\n                    <img decoding=\"async\" width=\"300\" height=\"175\" src=\"https:\/\/web.deec.uc.pt\/wp-content\/uploads\/2024\/12\/ISR600-300x175.jpg\" class=\"ha-logo-grid-img elementor-animation-\" alt=\"\" srcset=\"https:\/\/web.deec.uc.pt\/wp-content\/uploads\/2024\/12\/ISR600-300x175.jpg 300w, https:\/\/web.deec.uc.pt\/wp-content\/uploads\/2024\/12\/ISR600-18x12.jpg 18w, https:\/\/web.deec.uc.pt\/wp-content\/uploads\/2024\/12\/ISR600.jpg 600w\" sizes=\"(max-width: 300px) 100vw, 300px\" \/>                    <\/figure>\n                <\/a>\n                            <a class=\"ha-logo-grid-item ha-logo-grid-link\" href=\"https:\/\/www.it.pt\/ITSites\/Index\/2\" target=\"_blank\" rel=\"nofollow\">\n                    <figure class=\"ha-logo-grid-figure\">\n                    <img loading=\"lazy\" decoding=\"async\" width=\"300\" height=\"175\" src=\"https:\/\/web.deec.uc.pt\/wp-content\/uploads\/2024\/12\/logo-IT-300x175.png\" class=\"ha-logo-grid-img elementor-animation-\" alt=\"\" srcset=\"https:\/\/web.deec.uc.pt\/wp-content\/uploads\/2024\/12\/logo-IT-300x175.png 300w, https:\/\/web.deec.uc.pt\/wp-content\/uploads\/2024\/12\/logo-IT-18x12.png 18w, https:\/\/web.deec.uc.pt\/wp-content\/uploads\/2024\/12\/logo-IT.png 600w\" sizes=\"(max-width: 300px) 100vw, 300px\" \/>                    <\/figure>\n                <\/a>\n                            <a class=\"ha-logo-grid-item ha-logo-grid-link\" href=\"https:\/\/www.inescc.pt\/\" target=\"_blank\" rel=\"nofollow\">\n                    <figure class=\"ha-logo-grid-figure\">\n                    <img loading=\"lazy\" decoding=\"async\" width=\"300\" height=\"175\" src=\"https:\/\/web.deec.uc.pt\/wp-content\/uploads\/2024\/12\/LogoInescc-300x175.jpg\" class=\"ha-logo-grid-img elementor-animation-\" alt=\"\" srcset=\"https:\/\/web.deec.uc.pt\/wp-content\/uploads\/2024\/12\/LogoInescc-300x175.jpg 300w, https:\/\/web.deec.uc.pt\/wp-content\/uploads\/2024\/12\/LogoInescc-18x12.jpg 18w, https:\/\/web.deec.uc.pt\/wp-content\/uploads\/2024\/12\/LogoInescc.jpg 600w\" sizes=\"(max-width: 300px) 100vw, 300px\" \/>                    <\/figure>\n                <\/a>\n                            <a class=\"ha-logo-grid-item ha-logo-grid-link\" href=\"https:\/\/www.uc.pt\/cemmpre\/\" target=\"_blank\" rel=\"nofollow\">\n                    <figure class=\"ha-logo-grid-figure\">\n                    <img loading=\"lazy\" decoding=\"async\" width=\"300\" height=\"109\" src=\"https:\/\/web.deec.uc.pt\/wp-content\/uploads\/2024\/12\/cemmpre-1024x371-1-300x109.png\" class=\"ha-logo-grid-img elementor-animation-\" alt=\"\" srcset=\"https:\/\/web.deec.uc.pt\/wp-content\/uploads\/2024\/12\/cemmpre-1024x371-1-300x109.png 300w, https:\/\/web.deec.uc.pt\/wp-content\/uploads\/2024\/12\/cemmpre-1024x371-1-768x278.png 768w, https:\/\/web.deec.uc.pt\/wp-content\/uploads\/2024\/12\/cemmpre-1024x371-1-18x7.png 18w, https:\/\/web.deec.uc.pt\/wp-content\/uploads\/2024\/12\/cemmpre-1024x371-1.png 1024w\" sizes=\"(max-width: 300px) 100vw, 300px\" \/>                    <\/figure>\n                <\/a>\n                    <\/div>\n\n        \t\t\t\t<\/div>\n\t\t\t\t<\/div>\n\t\t\t\t\t<\/div>\n\t\t<\/div>\n\t\t\t\t\t<\/div>\n\t\t<\/section>\n\t\t\t\t<\/div>","protected":false},"excerpt":{"rendered":"<p>DEEC | Departamento de Engenharia Eletrot\u00e9cnica e de Computadores DEEC | Departamento de Engenharia Eletrot\u00e9cnica e de Computadores Investiga\u00e7\u00e3o<\/p>","protected":false},"author":1,"featured_media":0,"parent":0,"menu_order":0,"comment_status":"closed","ping_status":"closed","template":"elementor_theme","meta":{"_et_pb_use_builder":"","_et_pb_old_content":"","_et_gb_content_width":"1080","footnotes":""},"class_list":["post-3579","page","type-page","status-publish","hentry"],"_links":{"self":[{"href":"https:\/\/web.deec.uc.pt\/en\/wp-json\/wp\/v2\/pages\/3579","targetHints":{"allow":["GET"]}}],"collection":[{"href":"https:\/\/web.deec.uc.pt\/en\/wp-json\/wp\/v2\/pages"}],"about":[{"href":"https:\/\/web.deec.uc.pt\/en\/wp-json\/wp\/v2\/types\/page"}],"author":[{"embeddable":true,"href":"https:\/\/web.deec.uc.pt\/en\/wp-json\/wp\/v2\/users\/1"}],"replies":[{"embeddable":true,"href":"https:\/\/web.deec.uc.pt\/en\/wp-json\/wp\/v2\/comments?post=3579"}],"version-history":[{"count":101,"href":"https:\/\/web.deec.uc.pt\/en\/wp-json\/wp\/v2\/pages\/3579\/revisions"}],"predecessor-version":[{"id":5002,"href":"https:\/\/web.deec.uc.pt\/en\/wp-json\/wp\/v2\/pages\/3579\/revisions\/5002"}],"wp:attachment":[{"href":"https:\/\/web.deec.uc.pt\/en\/wp-json\/wp\/v2\/media?parent=3579"}],"curies":[{"name":"wp","href":"https:\/\/api.w.org\/{rel}","templated":true}]}}