{"id":3577,"date":"2025-02-20T10:41:06","date_gmt":"2025-02-20T10:41:06","guid":{"rendered":"https:\/\/web.deec.uc.pt\/?page_id=3577"},"modified":"2026-01-26T17:27:06","modified_gmt":"2026-01-26T17:27:06","slug":"nao-docentes","status":"publish","type":"page","link":"https:\/\/web.deec.uc.pt\/en\/nao-docentes\/","title":{"rendered":"Staff"},"content":{"rendered":"<div data-elementor-type=\"wp-post\" data-elementor-id=\"3577\" class=\"elementor elementor-3577\" data-elementor-settings=\"{&quot;ha_cmc_init_switcher&quot;:&quot;no&quot;}\" data-elementor-post-type=\"page\">\n\t\t\t\t\t\t<section class=\"elementor-section elementor-top-section elementor-element elementor-element-00204cf elementor-hidden-desktop elementor-section-boxed elementor-section-height-default elementor-section-height-default\" data-id=\"00204cf\" data-element_type=\"section\" data-settings=\"{&quot;_ha_eqh_enable&quot;:false}\">\n\t\t\t\t\t\t<div class=\"elementor-container elementor-column-gap-default\">\n\t\t\t\t\t<div class=\"elementor-column elementor-col-100 elementor-top-column elementor-element elementor-element-721e3a3\" data-id=\"721e3a3\" data-element_type=\"column\">\n\t\t\t<div class=\"elementor-widget-wrap elementor-element-populated\">\n\t\t\t\t\t\t<div class=\"elementor-element elementor-element-884aa1f e-transform elementor-arrows-position-inside elementor-widget elementor-widget-image-carousel\" data-id=\"884aa1f\" data-element_type=\"widget\" data-settings=\"{&quot;slides_to_show&quot;:&quot;1&quot;,&quot;navigation&quot;:&quot;arrows&quot;,&quot;effect&quot;:&quot;fade&quot;,&quot;_transform_skewX_effect&quot;:{&quot;unit&quot;:&quot;px&quot;,&quot;size&quot;:0,&quot;sizes&quot;:[]},&quot;autoplay&quot;:&quot;yes&quot;,&quot;pause_on_hover&quot;:&quot;yes&quot;,&quot;pause_on_interaction&quot;:&quot;yes&quot;,&quot;autoplay_speed&quot;:5000,&quot;infinite&quot;:&quot;yes&quot;,&quot;speed&quot;:500,&quot;_transform_skewX_effect_tablet&quot;:{&quot;unit&quot;:&quot;deg&quot;,&quot;size&quot;:&quot;&quot;,&quot;sizes&quot;:[]},&quot;_transform_skewX_effect_mobile&quot;:{&quot;unit&quot;:&quot;deg&quot;,&quot;size&quot;:&quot;&quot;,&quot;sizes&quot;:[]},&quot;_transform_skewY_effect&quot;:{&quot;unit&quot;:&quot;px&quot;,&quot;size&quot;:&quot;&quot;,&quot;sizes&quot;:[]},&quot;_transform_skewY_effect_tablet&quot;:{&quot;unit&quot;:&quot;deg&quot;,&quot;size&quot;:&quot;&quot;,&quot;sizes&quot;:[]},&quot;_transform_skewY_effect_mobile&quot;:{&quot;unit&quot;:&quot;deg&quot;,&quot;size&quot;:&quot;&quot;,&quot;sizes&quot;:[]}}\" data-widget_type=\"image-carousel.default\">\n\t\t\t\t<div class=\"elementor-widget-container\">\n\t\t\t\t\t\t\t<div class=\"elementor-image-carousel-wrapper swiper\" role=\"region\" aria-roledescription=\"carousel\" aria-label=\"Carrossel de imagens\" dir=\"ltr\">\n\t\t\t<div class=\"elementor-image-carousel swiper-wrapper swiper-image-stretch\" aria-live=\"off\">\n\t\t\t\t\t\t\t\t<div class=\"swiper-slide\" role=\"group\" aria-roledescription=\"slide\" aria-label=\"1 of 8\" data-no-translation-aria-label=\"\"><figure class=\"swiper-slide-inner\"><img decoding=\"async\" class=\"swiper-slide-image\" src=\"https:\/\/web.deec.uc.pt\/wp-content\/uploads\/elementor\/thumbs\/V1-Polo-II-Universidade-Coimbra-288-scaled-e1741628871146-r2nygmhkr9ijwk8lsbtmvcbkmiifl47kq0tq7ret5s.jpg\" alt=\"V1 - Polo II Universidade Coimbra-288\" \/><\/figure><\/div><div class=\"swiper-slide\" role=\"group\" aria-roledescription=\"slide\" aria-label=\"2 of 8\" data-no-translation-aria-label=\"\"><figure class=\"swiper-slide-inner\"><img decoding=\"async\" class=\"swiper-slide-image\" src=\"https:\/\/web.deec.uc.pt\/wp-content\/uploads\/elementor\/thumbs\/V1-Polo-II-Universidade-Coimbra-317-scaled-e1741628883433-r2nygxrn19xzrvs7ygp5p9h3r4yu5hgcrknjz2y334.jpg\" alt=\"V1 - Polo II Universidade Coimbra-317\" \/><\/figure><\/div><div class=\"swiper-slide\" role=\"group\" aria-roledescription=\"slide\" aria-label=\"3 of 8\" data-no-translation-aria-label=\"\"><figure class=\"swiper-slide-inner\"><img decoding=\"async\" class=\"swiper-slide-image\" src=\"https:\/\/web.deec.uc.pt\/wp-content\/uploads\/elementor\/thumbs\/V1-Polo-II-Universidade-Coimbra-173-scaled-e1741628897968-r2nyhbv7vsham17qo4sk8nx0nx1ccy0btifu68d6hs.jpg\" alt=\"V1 - Polo II Universidade Coimbra-173\" \/><\/figure><\/div><div class=\"swiper-slide\" role=\"group\" aria-roledescription=\"slide\" aria-label=\"4 of 8\" data-no-translation-aria-label=\"\"><figure class=\"swiper-slide-inner\"><img decoding=\"async\" class=\"swiper-slide-image\" src=\"https:\/\/web.deec.uc.pt\/wp-content\/uploads\/elementor\/thumbs\/V1-Polo-II-Universidade-Coimbra-193-scaled-e1741628982974-r2nyjitntvhdpa11v2x823zqka86bips4d8mhh43z4.jpg\" alt=\"V1 - Polo II Universidade Coimbra-193\" \/><\/figure><\/div><div class=\"swiper-slide\" role=\"group\" aria-roledescription=\"slide\" aria-label=\"5 of 8\" data-no-translation-aria-label=\"\"><figure class=\"swiper-slide-inner\"><img decoding=\"async\" class=\"swiper-slide-image\" src=\"https:\/\/web.deec.uc.pt\/wp-content\/uploads\/elementor\/thumbs\/V1-Polo-II-Universidade-Coimbra-52-scaled-e1741713754706-r2po0x815dgkt2xx5u2thkf084nrt1rdrohxa3a80w.jpg\" alt=\"V1 - Polo II Universidade Coimbra-52\" \/><\/figure><\/div><div class=\"swiper-slide\" role=\"group\" aria-roledescription=\"slide\" aria-label=\"6 of 8\" data-no-translation-aria-label=\"\"><figure class=\"swiper-slide-inner\"><img decoding=\"async\" class=\"swiper-slide-image\" src=\"https:\/\/web.deec.uc.pt\/wp-content\/uploads\/elementor\/thumbs\/V1-Polo-II-Univ-scaled-e1741713928681-r2po5gry6jogx8ccmsrwjf57l69n0dsoe60es8jpy8.jpg\" alt=\"V1 - Polo II Univ\" \/><\/figure><\/div><div class=\"swiper-slide\" role=\"group\" aria-roledescription=\"slide\" aria-label=\"7 of 8\" data-no-translation-aria-label=\"\"><figure class=\"swiper-slide-inner\"><img decoding=\"async\" class=\"swiper-slide-image\" src=\"https:\/\/web.deec.uc.pt\/wp-content\/uploads\/elementor\/thumbs\/V1-Polo-II-Universidade-Coimbra-336-scaled-e1741713837217-r2po346h3ggnwbr8cs7hb0hq4hulrmgu2japlc15i8.jpg\" alt=\"V1 - Polo II Universidade Coimbra-336\" \/><\/figure><\/div><div class=\"swiper-slide\" role=\"group\" aria-roledescription=\"slide\" aria-label=\"8 of 8\" data-no-translation-aria-label=\"\"><figure class=\"swiper-slide-inner\"><img decoding=\"async\" class=\"swiper-slide-image\" src=\"https:\/\/web.deec.uc.pt\/wp-content\/uploads\/elementor\/thumbs\/V1-Polo-II-Univugj-scaled-q44xovf8f8jcmjclwuayvexpzmd21njjjctf6fk940.jpg\" alt=\"V1 - Polo II Univugj\" \/><\/figure><\/div>\t\t\t<\/div>\n\t\t\t\t\t\t\t\t\t\t\t\t<div class=\"elementor-swiper-button elementor-swiper-button-prev\" role=\"button\" tabindex=\"0\">\n\t\t\t\t\t\t<i aria-hidden=\"true\" class=\"eicon-chevron-left\"><\/i>\t\t\t\t\t<\/div>\n\t\t\t\t\t<div class=\"elementor-swiper-button elementor-swiper-button-next\" role=\"button\" tabindex=\"0\">\n\t\t\t\t\t\t<i aria-hidden=\"true\" class=\"eicon-chevron-right\"><\/i>\t\t\t\t\t<\/div>\n\t\t\t\t\n\t\t\t\t\t\t\t\t\t<\/div>\n\t\t\t\t\t\t<\/div>\n\t\t\t\t<\/div>\n\t\t\t\t<div class=\"elementor-element elementor-element-22f56db elementor-widget__width-initial elementor-absolute elementor-hidden-mobile elementor-widget elementor-widget-image\" data-id=\"22f56db\" data-element_type=\"widget\" data-settings=\"{&quot;_position&quot;:&quot;absolute&quot;}\" data-widget_type=\"image.default\">\n\t\t\t\t<div class=\"elementor-widget-container\">\n\t\t\t\t\t\t\t\t\t\t\t\t\t\t\t<img fetchpriority=\"high\" decoding=\"async\" width=\"2063\" height=\"726\" src=\"https:\/\/web.deec.uc.pt\/wp-content\/uploads\/2021\/06\/Logodeec-1.png\" class=\"attachment-full size-full wp-image-201\" alt=\"\" srcset=\"https:\/\/web.deec.uc.pt\/wp-content\/uploads\/2021\/06\/Logodeec-1.png 2063w, https:\/\/web.deec.uc.pt\/wp-content\/uploads\/2021\/06\/Logodeec-1-300x106.png 300w, https:\/\/web.deec.uc.pt\/wp-content\/uploads\/2021\/06\/Logodeec-1-1024x360.png 1024w, https:\/\/web.deec.uc.pt\/wp-content\/uploads\/2021\/06\/Logodeec-1-768x270.png 768w, https:\/\/web.deec.uc.pt\/wp-content\/uploads\/2021\/06\/Logodeec-1-1536x541.png 1536w, https:\/\/web.deec.uc.pt\/wp-content\/uploads\/2021\/06\/Logodeec-1-2048x721.png 2048w, https:\/\/web.deec.uc.pt\/wp-content\/uploads\/2021\/06\/Logodeec-1-1568x552.png 1568w\" sizes=\"(max-width: 2063px) 100vw, 2063px\" \/>\t\t\t\t\t\t\t\t\t\t\t\t\t\t\t<\/div>\n\t\t\t\t<\/div>\n\t\t\t\t<div class=\"elementor-element elementor-element-0753155 elementor-widget__width-initial elementor-hidden-mobile elementor-absolute elementor-widget elementor-widget-image\" data-id=\"0753155\" data-element_type=\"widget\" data-settings=\"{&quot;_position&quot;:&quot;absolute&quot;}\" data-widget_type=\"image.default\">\n\t\t\t\t<div class=\"elementor-widget-container\">\n\t\t\t\t\t\t\t\t\t\t\t\t\t\t\t<img decoding=\"async\" width=\"2173\" height=\"604\" src=\"https:\/\/web.deec.uc.pt\/wp-content\/uploads\/2021\/07\/Logo-ste.png\" class=\"attachment-full size-full wp-image-236\" alt=\"\" srcset=\"https:\/\/web.deec.uc.pt\/wp-content\/uploads\/2021\/07\/Logo-ste.png 2173w, https:\/\/web.deec.uc.pt\/wp-content\/uploads\/2021\/07\/Logo-ste-300x83.png 300w, https:\/\/web.deec.uc.pt\/wp-content\/uploads\/2021\/07\/Logo-ste-1024x285.png 1024w, https:\/\/web.deec.uc.pt\/wp-content\/uploads\/2021\/07\/Logo-ste-768x213.png 768w, https:\/\/web.deec.uc.pt\/wp-content\/uploads\/2021\/07\/Logo-ste-1536x427.png 1536w, https:\/\/web.deec.uc.pt\/wp-content\/uploads\/2021\/07\/Logo-ste-2048x569.png 2048w, https:\/\/web.deec.uc.pt\/wp-content\/uploads\/2021\/07\/Logo-ste-1568x436.png 1568w\" sizes=\"(max-width: 2173px) 100vw, 2173px\" \/>\t\t\t\t\t\t\t\t\t\t\t\t\t\t\t<\/div>\n\t\t\t\t<\/div>\n\t\t\t\t<div class=\"elementor-element elementor-element-f8d241b elementor-align-center elementor-widget elementor-widget-button\" data-id=\"f8d241b\" data-element_type=\"widget\" data-widget_type=\"button.default\">\n\t\t\t\t<div class=\"elementor-widget-container\">\n\t\t\t\t\t\t\t\t\t<div class=\"elementor-button-wrapper\">\n\t\t\t\t\t<a class=\"elementor-button elementor-button-link elementor-size-sm\" href=\"#\">\n\t\t\t\t\t\t<span class=\"elementor-button-content-wrapper\">\n\t\t\t\t\t\t\t\t\t<span class=\"elementor-button-text\">DEEC | Departamento de Engenharia Eletrot\u00e9cnica e de Computadores<\/span>\n\t\t\t\t\t<\/span>\n\t\t\t\t\t<\/a>\n\t\t\t\t<\/div>\n\t\t\t\t\t\t\t\t<\/div>\n\t\t\t\t<\/div>\n\t\t\t\t\t<\/div>\n\t\t<\/div>\n\t\t\t\t\t<\/div>\n\t\t<\/section>\n\t\t\t\t<section class=\"elementor-section elementor-top-section elementor-element elementor-element-2b4e845 elementor-hidden-tablet elementor-hidden-mobile elementor-section-boxed elementor-section-height-default elementor-section-height-default\" data-id=\"2b4e845\" data-element_type=\"section\" data-settings=\"{&quot;_ha_eqh_enable&quot;:false}\">\n\t\t\t\t\t\t<div class=\"elementor-container elementor-column-gap-default\">\n\t\t\t\t\t<div class=\"elementor-column elementor-col-100 elementor-top-column elementor-element elementor-element-ceeb49e\" data-id=\"ceeb49e\" data-element_type=\"column\">\n\t\t\t<div class=\"elementor-widget-wrap elementor-element-populated\">\n\t\t\t\t\t\t<div class=\"elementor-element elementor-element-e35f420 e-transform elementor-arrows-position-inside elementor-widget elementor-widget-image-carousel\" data-id=\"e35f420\" data-element_type=\"widget\" data-settings=\"{&quot;slides_to_show&quot;:&quot;1&quot;,&quot;navigation&quot;:&quot;arrows&quot;,&quot;effect&quot;:&quot;fade&quot;,&quot;_transform_skewX_effect&quot;:{&quot;unit&quot;:&quot;px&quot;,&quot;size&quot;:0,&quot;sizes&quot;:[]},&quot;autoplay&quot;:&quot;yes&quot;,&quot;pause_on_hover&quot;:&quot;yes&quot;,&quot;pause_on_interaction&quot;:&quot;yes&quot;,&quot;autoplay_speed&quot;:5000,&quot;infinite&quot;:&quot;yes&quot;,&quot;speed&quot;:500,&quot;_transform_skewX_effect_tablet&quot;:{&quot;unit&quot;:&quot;deg&quot;,&quot;size&quot;:&quot;&quot;,&quot;sizes&quot;:[]},&quot;_transform_skewX_effect_mobile&quot;:{&quot;unit&quot;:&quot;deg&quot;,&quot;size&quot;:&quot;&quot;,&quot;sizes&quot;:[]},&quot;_transform_skewY_effect&quot;:{&quot;unit&quot;:&quot;px&quot;,&quot;size&quot;:&quot;&quot;,&quot;sizes&quot;:[]},&quot;_transform_skewY_effect_tablet&quot;:{&quot;unit&quot;:&quot;deg&quot;,&quot;size&quot;:&quot;&quot;,&quot;sizes&quot;:[]},&quot;_transform_skewY_effect_mobile&quot;:{&quot;unit&quot;:&quot;deg&quot;,&quot;size&quot;:&quot;&quot;,&quot;sizes&quot;:[]}}\" data-widget_type=\"image-carousel.default\">\n\t\t\t\t<div class=\"elementor-widget-container\">\n\t\t\t\t\t\t\t<div class=\"elementor-image-carousel-wrapper swiper\" role=\"region\" aria-roledescription=\"carousel\" aria-label=\"Carrossel de imagens\" dir=\"ltr\">\n\t\t\t<div class=\"elementor-image-carousel swiper-wrapper swiper-image-stretch\" aria-live=\"off\">\n\t\t\t\t\t\t\t\t<div class=\"swiper-slide\" role=\"group\" aria-roledescription=\"slide\" aria-label=\"1 of 8\" data-no-translation-aria-label=\"\"><figure class=\"swiper-slide-inner\"><img decoding=\"async\" class=\"swiper-slide-image\" src=\"https:\/\/web.deec.uc.pt\/wp-content\/uploads\/elementor\/thumbs\/V1-Polo-II-Universidade-Coimbra-288-scaled-e1741628871146-r2nygmhkr9bqdg55rfo4i2bg0d40aghdk6vpw934n4.jpg\" alt=\"V1 - Polo II Universidade Coimbra-288\" \/><\/figure><\/div><div class=\"swiper-slide\" role=\"group\" aria-roledescription=\"slide\" aria-label=\"2 of 8\" data-no-translation-aria-label=\"\"><figure class=\"swiper-slide-inner\"><img decoding=\"async\" class=\"swiper-slide-image\" src=\"https:\/\/web.deec.uc.pt\/wp-content\/uploads\/elementor\/thumbs\/V1-Polo-II-Universidade-Coimbra-317-scaled-e1741628883433-r2nygxrn19r68rorxkjnbzgz4zkeutq5lqpjnkmekg.jpg\" alt=\"V1 - Polo II Universidade Coimbra-317\" \/><\/figure><\/div><div class=\"swiper-slide\" role=\"group\" aria-roledescription=\"slide\" aria-label=\"3 of 8\" data-no-translation-aria-label=\"\"><figure class=\"swiper-slide-inner\"><img decoding=\"async\" class=\"swiper-slide-image\" src=\"https:\/\/web.deec.uc.pt\/wp-content\/uploads\/elementor\/thumbs\/V1-Polo-II-Universidade-Coimbra-173-scaled-e1741628897968-r2nyhbv7vsah2x4an8n1vdww1rmx2aa4nohtuq1hz4.jpg\" alt=\"V1 - Polo II Universidade Coimbra-173\" \/><\/figure><\/div><div class=\"swiper-slide\" role=\"group\" aria-roledescription=\"slide\" aria-label=\"4 of 8\" data-no-translation-aria-label=\"\"><figure class=\"swiper-slide-inner\"><img decoding=\"async\" class=\"swiper-slide-image\" src=\"https:\/\/web.deec.uc.pt\/wp-content\/uploads\/elementor\/thumbs\/V1-Polo-II-Universidade-Coimbra-193-scaled-e1741628982974-r2nyjitntvak65xlu6rpotzly4tr0uzkyjam5ysfgg.jpg\" alt=\"V1 - Polo II Universidade Coimbra-193\" \/><\/figure><\/div><div class=\"swiper-slide\" role=\"group\" aria-roledescription=\"slide\" aria-label=\"5 of 8\" data-no-translation-aria-label=\"\"><figure class=\"swiper-slide-inner\"><img decoding=\"async\" class=\"swiper-slide-image\" src=\"https:\/\/web.deec.uc.pt\/wp-content\/uploads\/elementor\/thumbs\/V1-Polo-II-Universidade-Coimbra-52-scaled-e1741713754706-r2po0x815d9r9yuh4xxb4aevlz9cie16lujwykyji8.jpg\" alt=\"V1 - Polo II Universidade Coimbra-52\" \/><\/figure><\/div><div class=\"swiper-slide\" role=\"group\" aria-roledescription=\"slide\" aria-label=\"6 of 8\" data-no-translation-aria-label=\"\"><figure class=\"swiper-slide-inner\"><img decoding=\"async\" class=\"swiper-slide-image\" src=\"https:\/\/web.deec.uc.pt\/wp-content\/uploads\/elementor\/thumbs\/V1-Polo-II-Univ-scaled-e1741713928681-r2po5gry6jhne48wlwme6552z0v7pq2h8c2egq81fk.jpg\" alt=\"V1 - Polo II Univ\" \/><\/figure><\/div><div class=\"swiper-slide\" role=\"group\" aria-roledescription=\"slide\" aria-label=\"7 of 8\" data-no-translation-aria-label=\"\"><figure class=\"swiper-slide-inner\"><img decoding=\"async\" class=\"swiper-slide-image\" src=\"https:\/\/web.deec.uc.pt\/wp-content\/uploads\/elementor\/thumbs\/V1-Polo-II-Universidade-Coimbra-336-scaled-e1741713837217-r2po346h3g9ud7nsbw1yxqhlicg6gyqmwpcp9tpgzk.jpg\" alt=\"V1 - Polo II Universidade Coimbra-336\" \/><\/figure><\/div><div class=\"swiper-slide\" role=\"group\" aria-roledescription=\"slide\" aria-label=\"8 of 8\" data-no-translation-aria-label=\"\"><figure class=\"swiper-slide-inner\"><img decoding=\"async\" class=\"swiper-slide-image\" src=\"https:\/\/web.deec.uc.pt\/wp-content\/uploads\/elementor\/thumbs\/V1-Polo-II-Univugj-scaled-q44xovf8f8cj3f95vy5gi4xldgymqztcdiveux8klc.jpg\" alt=\"V1 - Polo II Univugj\" \/><\/figure><\/div>\t\t\t<\/div>\n\t\t\t\t\t\t\t\t\t\t\t\t<div class=\"elementor-swiper-button elementor-swiper-button-prev\" role=\"button\" tabindex=\"0\">\n\t\t\t\t\t\t<i aria-hidden=\"true\" class=\"eicon-chevron-left\"><\/i>\t\t\t\t\t<\/div>\n\t\t\t\t\t<div class=\"elementor-swiper-button elementor-swiper-button-next\" role=\"button\" tabindex=\"0\">\n\t\t\t\t\t\t<i aria-hidden=\"true\" class=\"eicon-chevron-right\"><\/i>\t\t\t\t\t<\/div>\n\t\t\t\t\n\t\t\t\t\t\t\t\t\t<\/div>\n\t\t\t\t\t\t<\/div>\n\t\t\t\t<\/div>\n\t\t\t\t<div class=\"elementor-element elementor-element-1382367 elementor-widget__width-initial elementor-absolute elementor-hidden-mobile elementor-widget elementor-widget-image\" data-id=\"1382367\" data-element_type=\"widget\" data-settings=\"{&quot;_position&quot;:&quot;absolute&quot;}\" data-widget_type=\"image.default\">\n\t\t\t\t<div class=\"elementor-widget-container\">\n\t\t\t\t\t\t\t\t\t\t\t\t\t\t\t<img fetchpriority=\"high\" decoding=\"async\" width=\"2063\" height=\"726\" src=\"https:\/\/web.deec.uc.pt\/wp-content\/uploads\/2021\/06\/Logodeec-1.png\" class=\"attachment-full size-full wp-image-201\" alt=\"\" srcset=\"https:\/\/web.deec.uc.pt\/wp-content\/uploads\/2021\/06\/Logodeec-1.png 2063w, https:\/\/web.deec.uc.pt\/wp-content\/uploads\/2021\/06\/Logodeec-1-300x106.png 300w, https:\/\/web.deec.uc.pt\/wp-content\/uploads\/2021\/06\/Logodeec-1-1024x360.png 1024w, https:\/\/web.deec.uc.pt\/wp-content\/uploads\/2021\/06\/Logodeec-1-768x270.png 768w, https:\/\/web.deec.uc.pt\/wp-content\/uploads\/2021\/06\/Logodeec-1-1536x541.png 1536w, https:\/\/web.deec.uc.pt\/wp-content\/uploads\/2021\/06\/Logodeec-1-2048x721.png 2048w, https:\/\/web.deec.uc.pt\/wp-content\/uploads\/2021\/06\/Logodeec-1-1568x552.png 1568w\" sizes=\"(max-width: 2063px) 100vw, 2063px\" \/>\t\t\t\t\t\t\t\t\t\t\t\t\t\t\t<\/div>\n\t\t\t\t<\/div>\n\t\t\t\t<div class=\"elementor-element elementor-element-f1791a0 elementor-widget__width-initial elementor-hidden-mobile elementor-absolute elementor-widget elementor-widget-image\" data-id=\"f1791a0\" data-element_type=\"widget\" data-settings=\"{&quot;_position&quot;:&quot;absolute&quot;}\" data-widget_type=\"image.default\">\n\t\t\t\t<div class=\"elementor-widget-container\">\n\t\t\t\t\t\t\t\t\t\t\t\t\t\t\t<img decoding=\"async\" width=\"2173\" height=\"604\" src=\"https:\/\/web.deec.uc.pt\/wp-content\/uploads\/2021\/07\/Logo-ste.png\" class=\"attachment-full size-full wp-image-236\" alt=\"\" srcset=\"https:\/\/web.deec.uc.pt\/wp-content\/uploads\/2021\/07\/Logo-ste.png 2173w, https:\/\/web.deec.uc.pt\/wp-content\/uploads\/2021\/07\/Logo-ste-300x83.png 300w, https:\/\/web.deec.uc.pt\/wp-content\/uploads\/2021\/07\/Logo-ste-1024x285.png 1024w, https:\/\/web.deec.uc.pt\/wp-content\/uploads\/2021\/07\/Logo-ste-768x213.png 768w, https:\/\/web.deec.uc.pt\/wp-content\/uploads\/2021\/07\/Logo-ste-1536x427.png 1536w, https:\/\/web.deec.uc.pt\/wp-content\/uploads\/2021\/07\/Logo-ste-2048x569.png 2048w, https:\/\/web.deec.uc.pt\/wp-content\/uploads\/2021\/07\/Logo-ste-1568x436.png 1568w\" sizes=\"(max-width: 2173px) 100vw, 2173px\" \/>\t\t\t\t\t\t\t\t\t\t\t\t\t\t\t<\/div>\n\t\t\t\t<\/div>\n\t\t\t\t<div class=\"elementor-element elementor-element-b4fa4ca elementor-align-center elementor-widget elementor-widget-button\" data-id=\"b4fa4ca\" data-element_type=\"widget\" data-widget_type=\"button.default\">\n\t\t\t\t<div class=\"elementor-widget-container\">\n\t\t\t\t\t\t\t\t\t<div class=\"elementor-button-wrapper\">\n\t\t\t\t\t<a class=\"elementor-button elementor-button-link elementor-size-sm\" href=\"#\">\n\t\t\t\t\t\t<span class=\"elementor-button-content-wrapper\">\n\t\t\t\t\t\t\t\t\t<span class=\"elementor-button-text\">DEEC | Departamento de Engenharia Eletrot\u00e9cnica e de Computadores<\/span>\n\t\t\t\t\t<\/span>\n\t\t\t\t\t<\/a>\n\t\t\t\t<\/div>\n\t\t\t\t\t\t\t\t<\/div>\n\t\t\t\t<\/div>\n\t\t\t\t\t<\/div>\n\t\t<\/div>\n\t\t\t\t\t<\/div>\n\t\t<\/section>\n\t\t\t\t<section class=\"elementor-section elementor-top-section elementor-element elementor-element-70793cb elementor-section-boxed elementor-section-height-default elementor-section-height-default\" data-id=\"70793cb\" data-element_type=\"section\" data-settings=\"{&quot;_ha_eqh_enable&quot;:false}\">\n\t\t\t\t\t\t<div class=\"elementor-container elementor-column-gap-default\">\n\t\t\t\t\t<div class=\"elementor-column elementor-col-100 elementor-top-column elementor-element elementor-element-eddfae6\" data-id=\"eddfae6\" data-element_type=\"column\">\n\t\t\t<div class=\"elementor-widget-wrap elementor-element-populated\">\n\t\t\t\t\t\t<section class=\"elementor-section elementor-inner-section elementor-element elementor-element-e4bacd6 elementor-section-boxed elementor-section-height-default elementor-section-height-default\" data-id=\"e4bacd6\" data-element_type=\"section\" data-settings=\"{&quot;_ha_eqh_enable&quot;:false}\">\n\t\t\t\t\t\t<div class=\"elementor-container elementor-column-gap-default\">\n\t\t\t\t\t<div class=\"elementor-column elementor-col-100 elementor-inner-column elementor-element elementor-element-16ebac3\" data-id=\"16ebac3\" data-element_type=\"column\">\n\t\t\t<div class=\"elementor-widget-wrap elementor-element-populated\">\n\t\t\t\t\t\t<div class=\"elementor-element elementor-element-3ed6759 elementor-widget elementor-widget-heading\" data-id=\"3ed6759\" data-element_type=\"widget\" data-widget_type=\"heading.default\">\n\t\t\t\t<div class=\"elementor-widget-container\">\n\t\t\t\t\t<h3 class=\"elementor-heading-title elementor-size-default\">Staff<\/h3>\t\t\t\t<\/div>\n\t\t\t\t<\/div>\n\t\t\t\t\t<\/div>\n\t\t<\/div>\n\t\t\t\t\t<\/div>\n\t\t<\/section>\n\t\t\t\t<div class=\"elementor-element elementor-element-6a90488 elementor-widget elementor-widget-spacer\" data-id=\"6a90488\" data-element_type=\"widget\" data-widget_type=\"spacer.default\">\n\t\t\t\t<div class=\"elementor-widget-container\">\n\t\t\t\t\t\t\t<div class=\"elementor-spacer\">\n\t\t\t<div class=\"elementor-spacer-inner\"><\/div>\n\t\t<\/div>\n\t\t\t\t\t\t<\/div>\n\t\t\t\t<\/div>\n\t\t\t\t<div class=\"elementor-element elementor-element-980a3f9 elementor-widget elementor-widget-html\" data-id=\"980a3f9\" data-element_type=\"widget\" id=\"team-container2\" data-widget_type=\"html.default\">\n\t\t\t\t<div class=\"elementor-widget-container\">\n\t\t\t\t\t<div>A Carregar...<\/div>\t\t\t\t<\/div>\n\t\t\t\t<\/div>\n\t\t\t\t\t<\/div>\n\t\t<\/div>\n\t\t\t\t\t<\/div>\n\t\t<\/section>\n\t\t\t\t<\/div>","protected":false},"excerpt":{"rendered":"<p>DEEC | Departamento de Engenharia Eletrot\u00e9cnica e de Computadores DEEC | Departamento de Engenharia Eletrot\u00e9cnica e de Computadores N\u00e3o Docentes A Carregar&#8230;<\/p>","protected":false},"author":1,"featured_media":0,"parent":0,"menu_order":0,"comment_status":"closed","ping_status":"closed","template":"elementor_theme","meta":{"_et_pb_use_builder":"","_et_pb_old_content":"","_et_gb_content_width":"1080","footnotes":""},"class_list":["post-3577","page","type-page","status-publish","hentry"],"_links":{"self":[{"href":"https:\/\/web.deec.uc.pt\/en\/wp-json\/wp\/v2\/pages\/3577","targetHints":{"allow":["GET"]}}],"collection":[{"href":"https:\/\/web.deec.uc.pt\/en\/wp-json\/wp\/v2\/pages"}],"about":[{"href":"https:\/\/web.deec.uc.pt\/en\/wp-json\/wp\/v2\/types\/page"}],"author":[{"embeddable":true,"href":"https:\/\/web.deec.uc.pt\/en\/wp-json\/wp\/v2\/users\/1"}],"replies":[{"embeddable":true,"href":"https:\/\/web.deec.uc.pt\/en\/wp-json\/wp\/v2\/comments?post=3577"}],"version-history":[{"count":156,"href":"https:\/\/web.deec.uc.pt\/en\/wp-json\/wp\/v2\/pages\/3577\/revisions"}],"predecessor-version":[{"id":4993,"href":"https:\/\/web.deec.uc.pt\/en\/wp-json\/wp\/v2\/pages\/3577\/revisions\/4993"}],"wp:attachment":[{"href":"https:\/\/web.deec.uc.pt\/en\/wp-json\/wp\/v2\/media?parent=3577"}],"curies":[{"name":"wp","href":"https:\/\/api.w.org\/{rel}","templated":true}]}}