{"id":2412,"date":"2022-06-21T09:47:31","date_gmt":"2022-06-21T09:47:31","guid":{"rendered":"https:\/\/web.deec.uc.pt\/?page_id=2412"},"modified":"2022-06-21T13:27:40","modified_gmt":"2022-06-21T13:27:40","slug":"homepage-teste","status":"publish","type":"page","link":"https:\/\/web.deec.uc.pt\/en\/homepage-teste\/","title":{"rendered":"Homepage &#8211; Teste"},"content":{"rendered":"<div data-elementor-type=\"wp-post\" data-elementor-id=\"2412\" class=\"elementor elementor-2412\" data-elementor-settings=\"{&quot;ha_cmc_init_switcher&quot;:&quot;no&quot;}\" data-elementor-post-type=\"page\">\n\t\t\t\t\t\t<section class=\"elementor-section elementor-top-section elementor-element elementor-element-1aed3cdd elementor-section-height-min-height elementor-section-boxed elementor-section-height-default elementor-section-items-middle\" data-id=\"1aed3cdd\" data-element_type=\"section\" data-settings=\"{&quot;background_background&quot;:&quot;slideshow&quot;,&quot;background_slideshow_gallery&quot;:[{&quot;id&quot;:291,&quot;url&quot;:&quot;https:\\\/\\\/web.deec.uc.pt\\\/wp-content\\\/uploads\\\/2021\\\/07\\\/V1-Polo-II-Universidade-Coimbra-288-scaled.jpg&quot;},{&quot;id&quot;:563,&quot;url&quot;:&quot;https:\\\/\\\/web.deec.uc.pt\\\/wp-content\\\/uploads\\\/2021\\\/07\\\/V1-Polo-II-Universidade-Coimbra-317-scaled.jpg&quot;},{&quot;id&quot;:597,&quot;url&quot;:&quot;https:\\\/\\\/web.deec.uc.pt\\\/wp-content\\\/uploads\\\/2021\\\/07\\\/V1-Po-scaled.jpg&quot;},{&quot;id&quot;:576,&quot;url&quot;:&quot;https:\\\/\\\/web.deec.uc.pt\\\/wp-content\\\/uploads\\\/2021\\\/07\\\/V1-Polo-II-Univers-scaled.jpg&quot;},{&quot;id&quot;:580,&quot;url&quot;:&quot;https:\\\/\\\/web.deec.uc.pt\\\/wp-content\\\/uploads\\\/2021\\\/07\\\/V1-Polo-IIbhjkg-scaled.jpg&quot;},{&quot;id&quot;:593,&quot;url&quot;:&quot;https:\\\/\\\/web.deec.uc.pt\\\/wp-content\\\/uploads\\\/2021\\\/07\\\/V1-Polo-II-Univ-scaled.jpg&quot;},{&quot;id&quot;:581,&quot;url&quot;:&quot;https:\\\/\\\/web.deec.uc.pt\\\/wp-content\\\/uploads\\\/2021\\\/07\\\/V1-Polo-II-Universidade-Coimbra-336-scaled.jpg&quot;},{&quot;id&quot;:592,&quot;url&quot;:&quot;https:\\\/\\\/web.deec.uc.pt\\\/wp-content\\\/uploads\\\/2021\\\/07\\\/V1-Polo-II-Univugj-scaled.jpg&quot;}],&quot;background_slideshow_loop&quot;:&quot;yes&quot;,&quot;background_slideshow_slide_duration&quot;:5000,&quot;background_slideshow_slide_transition&quot;:&quot;fade&quot;,&quot;background_slideshow_transition_duration&quot;:500,&quot;_ha_eqh_enable&quot;:false}\">\n\t\t\t\t\t\t\t<div class=\"elementor-background-overlay\"><\/div>\n\t\t\t\t\t\t\t<div class=\"elementor-container elementor-column-gap-default\">\n\t\t\t\t\t<div class=\"elementor-column elementor-col-100 elementor-top-column elementor-element elementor-element-5c881da2\" data-id=\"5c881da2\" data-element_type=\"column\">\n\t\t\t<div class=\"elementor-widget-wrap elementor-element-populated\">\n\t\t\t\t\t\t<div class=\"elementor-element elementor-element-dd39eab elementor-widget__width-initial elementor-hidden-mobile elementor-hidden-desktop elementor-hidden-tablet elementor-widget elementor-widget-image\" data-id=\"dd39eab\" data-element_type=\"widget\" data-widget_type=\"image.default\">\n\t\t\t\t<div class=\"elementor-widget-container\">\n\t\t\t\t\t\t\t\t\t\t\t\t\t\t\t<img fetchpriority=\"high\" decoding=\"async\" width=\"2173\" height=\"604\" src=\"https:\/\/web.deec.uc.pt\/wp-content\/uploads\/2021\/07\/Logo-ste.png\" class=\"attachment-full size-full wp-image-236\" alt=\"\" srcset=\"https:\/\/web.deec.uc.pt\/wp-content\/uploads\/2021\/07\/Logo-ste.png 2173w, https:\/\/web.deec.uc.pt\/wp-content\/uploads\/2021\/07\/Logo-ste-300x83.png 300w, https:\/\/web.deec.uc.pt\/wp-content\/uploads\/2021\/07\/Logo-ste-1024x285.png 1024w, https:\/\/web.deec.uc.pt\/wp-content\/uploads\/2021\/07\/Logo-ste-768x213.png 768w, https:\/\/web.deec.uc.pt\/wp-content\/uploads\/2021\/07\/Logo-ste-1536x427.png 1536w, https:\/\/web.deec.uc.pt\/wp-content\/uploads\/2021\/07\/Logo-ste-2048x569.png 2048w, https:\/\/web.deec.uc.pt\/wp-content\/uploads\/2021\/07\/Logo-ste-1568x436.png 1568w\" sizes=\"(max-width: 2173px) 100vw, 2173px\" \/>\t\t\t\t\t\t\t\t\t\t\t\t\t\t\t<\/div>\n\t\t\t\t<\/div>\n\t\t\t\t<div class=\"elementor-element elementor-element-7991fbca elementor-widget__width-initial elementor-absolute elementor-hidden-desktop elementor-hidden-tablet elementor-hidden-mobile elementor-widget elementor-widget-image\" data-id=\"7991fbca\" data-element_type=\"widget\" data-settings=\"{&quot;_position&quot;:&quot;absolute&quot;}\" data-widget_type=\"image.default\">\n\t\t\t\t<div class=\"elementor-widget-container\">\n\t\t\t\t\t\t\t\t\t\t\t\t\t\t\t<img decoding=\"async\" width=\"2063\" height=\"726\" src=\"https:\/\/web.deec.uc.pt\/wp-content\/uploads\/2021\/06\/Logodeec-1.png\" class=\"attachment-full size-full wp-image-201\" alt=\"\" srcset=\"https:\/\/web.deec.uc.pt\/wp-content\/uploads\/2021\/06\/Logodeec-1.png 2063w, https:\/\/web.deec.uc.pt\/wp-content\/uploads\/2021\/06\/Logodeec-1-300x106.png 300w, https:\/\/web.deec.uc.pt\/wp-content\/uploads\/2021\/06\/Logodeec-1-1024x360.png 1024w, https:\/\/web.deec.uc.pt\/wp-content\/uploads\/2021\/06\/Logodeec-1-768x270.png 768w, https:\/\/web.deec.uc.pt\/wp-content\/uploads\/2021\/06\/Logodeec-1-1536x541.png 1536w, https:\/\/web.deec.uc.pt\/wp-content\/uploads\/2021\/06\/Logodeec-1-2048x721.png 2048w, https:\/\/web.deec.uc.pt\/wp-content\/uploads\/2021\/06\/Logodeec-1-1568x552.png 1568w\" sizes=\"(max-width: 2063px) 100vw, 2063px\" \/>\t\t\t\t\t\t\t\t\t\t\t\t\t\t\t<\/div>\n\t\t\t\t<\/div>\n\t\t\t\t<div class=\"elementor-element elementor-element-684d28f0 elementor-widget elementor-widget-spacer\" data-id=\"684d28f0\" data-element_type=\"widget\" data-widget_type=\"spacer.default\">\n\t\t\t\t<div class=\"elementor-widget-container\">\n\t\t\t\t\t\t\t<div class=\"elementor-spacer\">\n\t\t\t<div class=\"elementor-spacer-inner\"><\/div>\n\t\t<\/div>\n\t\t\t\t\t\t<\/div>\n\t\t\t\t<\/div>\n\t\t\t\t<div class=\"elementor-element elementor-element-1eb85d85 elementor-widget elementor-widget-menu-anchor\" data-id=\"1eb85d85\" data-element_type=\"widget\" data-widget_type=\"menu-anchor.default\">\n\t\t\t\t<div class=\"elementor-widget-container\">\n\t\t\t\t\t\t\t<div class=\"elementor-menu-anchor\" id=\"meec\"><\/div>\n\t\t\t\t\t\t<\/div>\n\t\t\t\t<\/div>\n\t\t\t\t<div class=\"elementor-element elementor-element-4a331c6 elementor-widget elementor-widget-menu-anchor\" data-id=\"4a331c6\" data-element_type=\"widget\" data-widget_type=\"menu-anchor.default\">\n\t\t\t\t<div class=\"elementor-widget-container\">\n\t\t\t\t\t\t\t<div class=\"elementor-menu-anchor\" id=\"topo\"><\/div>\n\t\t\t\t\t\t<\/div>\n\t\t\t\t<\/div>\n\t\t\t\t<div class=\"elementor-element elementor-element-45fa6b3a elementor-widget elementor-widget-heading\" data-id=\"45fa6b3a\" data-element_type=\"widget\" data-widget_type=\"heading.default\">\n\t\t\t\t<div class=\"elementor-widget-container\">\n\t\t\t\t\t<h1 class=\"elementor-heading-title elementor-size-default\">Department of Electrical and Computer Engineering<\/h1>\t\t\t\t<\/div>\n\t\t\t\t<\/div>\n\t\t\t\t\t<\/div>\n\t\t<\/div>\n\t\t\t\t\t<\/div>\n\t\t<\/section>\n\t\t\t\t<section class=\"elementor-section elementor-top-section elementor-element elementor-element-62b2f10d elementor-section-boxed elementor-section-height-default elementor-section-height-default\" data-id=\"62b2f10d\" data-element_type=\"section\" data-settings=\"{&quot;_ha_eqh_enable&quot;:false}\">\n\t\t\t\t\t\t<div class=\"elementor-container elementor-column-gap-default\">\n\t\t\t\t\t<div class=\"elementor-column elementor-col-50 elementor-top-column elementor-element elementor-element-f5d32cf\" data-id=\"f5d32cf\" data-element_type=\"column\">\n\t\t\t<div class=\"elementor-widget-wrap elementor-element-populated\">\n\t\t\t\t\t\t<div class=\"elementor-element elementor-element-e76dbf2 elementor-widget elementor-widget-image\" data-id=\"e76dbf2\" data-element_type=\"widget\" data-widget_type=\"image.default\">\n\t\t\t\t<div class=\"elementor-widget-container\">\n\t\t\t\t\t\t\t\t\t\t\t\t\t\t\t<img decoding=\"async\" width=\"300\" height=\"78\" src=\"https:\/\/web.deec.uc.pt\/wp-content\/uploads\/2022\/03\/Logodeecmini-e1650368737395.png\" class=\"attachment-medium size-medium wp-image-999\" alt=\"\" srcset=\"https:\/\/web.deec.uc.pt\/wp-content\/uploads\/2022\/03\/Logodeecmini-e1650368737395.png 300w, https:\/\/web.deec.uc.pt\/wp-content\/uploads\/2022\/03\/Logodeecmini-e1650368737395-18x5.png 18w\" sizes=\"(max-width: 300px) 100vw, 300px\" \/>\t\t\t\t\t\t\t\t\t\t\t\t\t\t\t<\/div>\n\t\t\t\t<\/div>\n\t\t\t\t<div class=\"elementor-element elementor-element-23a06d25 ha-has-bg-overlay elementor-widget elementor-widget-nav-menu\" data-id=\"23a06d25\" data-element_type=\"widget\" data-settings=\"{&quot;layout&quot;:&quot;dropdown&quot;,&quot;sticky&quot;:&quot;top&quot;,&quot;sticky_parent&quot;:&quot;yes&quot;,&quot;submenu_icon&quot;:{&quot;value&quot;:&quot;&lt;i class=\\&quot;fas fa-chevron-down\\&quot; aria-hidden=\\&quot;true\\&quot;&gt;&lt;\\\/i&gt;&quot;,&quot;library&quot;:&quot;fa-solid&quot;},&quot;sticky_on&quot;:[&quot;desktop&quot;,&quot;tablet&quot;,&quot;mobile&quot;],&quot;sticky_offset&quot;:0,&quot;sticky_effects_offset&quot;:0,&quot;sticky_anchor_link_offset&quot;:0}\" data-widget_type=\"nav-menu.default\">\n\t\t\t\t<div class=\"elementor-widget-container\">\n\t\t\t\t\t\t\t\t<nav class=\"elementor-nav-menu--dropdown elementor-nav-menu__container\" aria-hidden=\"true\">\n\t\t\t\t<ul id=\"menu-2-23a06d25\" class=\"elementor-nav-menu\"><li class=\"menu-item menu-item-type-custom menu-item-object-custom menu-item-has-children menu-item-2438\"><a class=\"elementor-item\" tabindex=\"-1\">O DEEC<\/a>\n<ul class=\"sub-menu elementor-nav-menu--dropdown\">\n\t<li class=\"menu-item menu-item-type-custom menu-item-object-custom menu-item-2532\"><a href=\"https:\/\/web.deec.uc.pt\/en\/\" class=\"elementor-sub-item\" tabindex=\"-1\">Presentation<\/a><\/li>\n\t<li class=\"menu-item menu-item-type-custom menu-item-object-custom menu-item-2601\"><a href=\"https:\/\/web.deec.uc.pt\/en\/esquisso-historico\/\" class=\"elementor-sub-item\" tabindex=\"-1\">History<\/a><\/li>\n\t<li class=\"menu-item menu-item-type-custom menu-item-object-custom menu-item-2409\"><a href=\"https:\/\/web.deec.uc.pt\/en\/orgaos-de-gestao\/\" class=\"elementor-sub-item\" tabindex=\"-1\">Management Bodies<\/a><\/li>\n\t<li class=\"menu-item menu-item-type-post_type menu-item-object-page menu-item-3924\"><a href=\"https:\/\/web.deec.uc.pt\/en\/docentes\/\" class=\"elementor-sub-item\" tabindex=\"-1\">Teachers<\/a><\/li>\n\t<li class=\"menu-item menu-item-type-custom menu-item-object-custom menu-item-2408\"><a href=\"https:\/\/web.deec.uc.pt\/en\/nao-docentes\/\" class=\"elementor-sub-item\" tabindex=\"-1\">Staff<\/a><\/li>\n<\/ul>\n<\/li>\n<li class=\"menu-item menu-item-type-custom menu-item-object-custom menu-item-2398\"><a href=\"https:\/\/web.deec.uc.pt\/en\/#licenciatura\" class=\"elementor-item elementor-item-anchor\" tabindex=\"-1\">Education<\/a><\/li>\n<li class=\"menu-item menu-item-type-custom menu-item-object-custom menu-item-2411\"><a href=\"https:\/\/web.deec.uc.pt\/en\/#investigation\" class=\"elementor-item elementor-item-anchor\" tabindex=\"-1\">Research<\/a><\/li>\n<li class=\"menu-item menu-item-type-custom menu-item-object-custom menu-item-has-children menu-item-2399\"><a class=\"elementor-item\" tabindex=\"-1\">Events<\/a>\n<ul class=\"sub-menu elementor-nav-menu--dropdown\">\n\t<li class=\"menu-item menu-item-type-custom menu-item-object-custom menu-item-2400\"><a href=\"https:\/\/web.deec.uc.pt\/en\/codeec\/\" class=\"elementor-sub-item\" tabindex=\"-1\">CoDEEC<\/a><\/li>\n\t<li class=\"menu-item menu-item-type-custom menu-item-object-custom menu-item-2401\"><a href=\"https:\/\/botolympics.pt\/\" class=\"elementor-sub-item\" tabindex=\"-1\">Bot Olympics<\/a><\/li>\n\t<li class=\"menu-item menu-item-type-custom menu-item-object-custom menu-item-2402\"><a href=\"https:\/\/web.deec.uc.pt\/en\/f3e\/\" class=\"elementor-sub-item\" tabindex=\"-1\">F3E<\/a><\/li>\n\t<li class=\"menu-item menu-item-type-post_type menu-item-object-page menu-item-3365\"><a href=\"https:\/\/web.deec.uc.pt\/en\/equalsteam\/\" class=\"elementor-sub-item\" tabindex=\"-1\">Equal.STEAM<\/a><\/li>\n\t<li class=\"menu-item menu-item-type-post_type menu-item-object-page menu-item-3293\"><a href=\"https:\/\/web.deec.uc.pt\/en\/uv2023\/\" class=\"elementor-sub-item\" tabindex=\"-1\">UV2023<\/a><\/li>\n\t<li class=\"menu-item menu-item-type-post_type menu-item-object-page menu-item-3464\"><a href=\"https:\/\/web.deec.uc.pt\/en\/uv2024\/\" class=\"elementor-sub-item\" tabindex=\"-1\">UV2024<\/a><\/li>\n<\/ul>\n<\/li>\n<li class=\"menu-item menu-item-type-post_type menu-item-object-page menu-item-3576\"><a href=\"https:\/\/web.deec.uc.pt\/en\/contactos\/\" class=\"elementor-item\" tabindex=\"-1\">Contacts<\/a><\/li>\n<\/ul>\t\t\t<\/nav>\n\t\t\t\t\t\t<\/div>\n\t\t\t\t<\/div>\n\t\t\t\t\t<\/div>\n\t\t<\/div>\n\t\t\t\t<div class=\"elementor-column elementor-col-50 elementor-top-column elementor-element elementor-element-74759f30\" data-id=\"74759f30\" data-element_type=\"column\">\n\t\t\t<div class=\"elementor-widget-wrap elementor-element-populated\">\n\t\t\t\t\t\t<section class=\"elementor-section elementor-inner-section elementor-element elementor-element-39f0e00b elementor-section-boxed elementor-section-height-default elementor-section-height-default\" data-id=\"39f0e00b\" data-element_type=\"section\" data-settings=\"{&quot;_ha_eqh_enable&quot;:false}\">\n\t\t\t\t\t\t<div class=\"elementor-container elementor-column-gap-default\">\n\t\t\t\t\t<div class=\"elementor-column elementor-col-100 elementor-inner-column elementor-element elementor-element-54f2d740\" data-id=\"54f2d740\" data-element_type=\"column\">\n\t\t\t<div class=\"elementor-widget-wrap elementor-element-populated\">\n\t\t\t\t\t\t<div class=\"elementor-element elementor-element-7c3786e elementor-widget elementor-widget-menu-anchor\" data-id=\"7c3786e\" data-element_type=\"widget\" data-widget_type=\"menu-anchor.default\">\n\t\t\t\t<div class=\"elementor-widget-container\">\n\t\t\t\t\t\t\t<div class=\"elementor-menu-anchor\" id=\"apresentacao\"><\/div>\n\t\t\t\t\t\t<\/div>\n\t\t\t\t<\/div>\n\t\t\t\t<div class=\"elementor-element elementor-element-9c76190 elementor-widget elementor-widget-menu-anchor\" data-id=\"9c76190\" data-element_type=\"widget\" data-widget_type=\"menu-anchor.default\">\n\t\t\t\t<div class=\"elementor-widget-container\">\n\t\t\t\t\t\t\t<div class=\"elementor-menu-anchor\" id=\"apresentacao\"><\/div>\n\t\t\t\t\t\t<\/div>\n\t\t\t\t<\/div>\n\t\t\t\t<div class=\"elementor-element elementor-element-323657d5 elementor-widget elementor-widget-heading\" data-id=\"323657d5\" data-element_type=\"widget\" data-widget_type=\"heading.default\">\n\t\t\t\t<div class=\"elementor-widget-container\">\n\t\t\t\t\t<h3 class=\"elementor-heading-title elementor-size-default\">Presentation<\/h3>\t\t\t\t<\/div>\n\t\t\t\t<\/div>\n\t\t\t\t<div class=\"elementor-element elementor-element-269ab6a elementor-widget elementor-widget-text-editor\" data-id=\"269ab6a\" data-element_type=\"widget\" data-widget_type=\"text-editor.default\">\n\t\t\t\t<div class=\"elementor-widget-container\">\n\t\t\t\t\t\t\t\t\t<p class=\"translation-block\">The Electrical and Computer Engineering Department (DEEC) is one of the\n14 Teaching and Research Units of the Faculty of Science and Technology\nof the University of Coimbra (FCTUC).\nDEEC has pedagogical and scientific autonomy, following the general\nguidelines of the University of Coimbra.<\/p><p><br><\/p>\n<p class=\"translation-block\">DEEC has its own management bodies. The DEEC budget is defined annually\nby the FCTUC Board of Directors, and the DEEC  manages several operating\nexpenses.<\/p><p><br><\/p>\n<p class=\"translation-block\">DEEC may establish agreements, and contracts for the provision of\nservices with public and private entities, as well as being part of\nassociations of private nature.<\/p>\t\t\t\t\t\t\t\t<\/div>\n\t\t\t\t<\/div>\n\t\t\t\t<div class=\"elementor-element elementor-element-4dfbfbd3 elementor-widget elementor-widget-spacer\" data-id=\"4dfbfbd3\" data-element_type=\"widget\" data-widget_type=\"spacer.default\">\n\t\t\t\t<div class=\"elementor-widget-container\">\n\t\t\t\t\t\t\t<div class=\"elementor-spacer\">\n\t\t\t<div class=\"elementor-spacer-inner\"><\/div>\n\t\t<\/div>\n\t\t\t\t\t\t<\/div>\n\t\t\t\t<\/div>\n\t\t\t\t<div class=\"elementor-element elementor-element-3bedae1e elementor-widget elementor-widget-menu-anchor\" data-id=\"3bedae1e\" data-element_type=\"widget\" data-widget_type=\"menu-anchor.default\">\n\t\t\t\t<div class=\"elementor-widget-container\">\n\t\t\t\t\t\t\t<div class=\"elementor-menu-anchor\" id=\"licenciaturas\"><\/div>\n\t\t\t\t\t\t<\/div>\n\t\t\t\t<\/div>\n\t\t\t\t<div class=\"elementor-element elementor-element-453dbc98 elementor-widget elementor-widget-menu-anchor\" data-id=\"453dbc98\" data-element_type=\"widget\" data-widget_type=\"menu-anchor.default\">\n\t\t\t\t<div class=\"elementor-widget-container\">\n\t\t\t\t\t\t\t<div class=\"elementor-menu-anchor\" id=\"Acesso\"><\/div>\n\t\t\t\t\t\t<\/div>\n\t\t\t\t<\/div>\n\t\t\t\t<div class=\"elementor-element elementor-element-30d6a9c6 elementor-widget elementor-widget-menu-anchor\" data-id=\"30d6a9c6\" data-element_type=\"widget\" data-widget_type=\"menu-anchor.default\">\n\t\t\t\t<div class=\"elementor-widget-container\">\n\t\t\t\t\t\t\t<div class=\"elementor-menu-anchor\" id=\"Saidas\"><\/div>\n\t\t\t\t\t\t<\/div>\n\t\t\t\t<\/div>\n\t\t\t\t\t<\/div>\n\t\t<\/div>\n\t\t\t\t\t<\/div>\n\t\t<\/section>\n\t\t\t\t\t<\/div>\n\t\t<\/div>\n\t\t\t\t\t<\/div>\n\t\t<\/section>\n\t\t\t\t<\/div>","protected":false},"excerpt":{"rendered":"<p>Departamento de Engenharia Eletrot\u00e9cnica e de Computadores Apresenta\u00e7\u00e3o O Departamento de Engenharia Eletrot\u00e9cnica e de Computadores (DEEC) \u00e9uma das 14 Unidades de Ensino e Investiga\u00e7\u00e3o da Faculdade de Ci\u00eancias eTecnologia da Universidade de Coimbra (FCTUC). O DEEC goza de autonomiapedag\u00f3gica e cient\u00edfica, seguindo as orienta\u00e7\u00f5es gerais da Universidadede Coimbra. O DEEC disp\u00f5e de \u00f3rg\u00e3os de [&hellip;]<\/p>","protected":false},"author":1,"featured_media":0,"parent":0,"menu_order":0,"comment_status":"closed","ping_status":"closed","template":"elementor_canvas","meta":{"_et_pb_use_builder":"","_et_pb_old_content":"","_et_gb_content_width":"","footnotes":""},"class_list":["post-2412","page","type-page","status-publish","hentry"],"_links":{"self":[{"href":"https:\/\/web.deec.uc.pt\/en\/wp-json\/wp\/v2\/pages\/2412","targetHints":{"allow":["GET"]}}],"collection":[{"href":"https:\/\/web.deec.uc.pt\/en\/wp-json\/wp\/v2\/pages"}],"about":[{"href":"https:\/\/web.deec.uc.pt\/en\/wp-json\/wp\/v2\/types\/page"}],"author":[{"embeddable":true,"href":"https:\/\/web.deec.uc.pt\/en\/wp-json\/wp\/v2\/users\/1"}],"replies":[{"embeddable":true,"href":"https:\/\/web.deec.uc.pt\/en\/wp-json\/wp\/v2\/comments?post=2412"}],"version-history":[{"count":19,"href":"https:\/\/web.deec.uc.pt\/en\/wp-json\/wp\/v2\/pages\/2412\/revisions"}],"predecessor-version":[{"id":2437,"href":"https:\/\/web.deec.uc.pt\/en\/wp-json\/wp\/v2\/pages\/2412\/revisions\/2437"}],"wp:attachment":[{"href":"https:\/\/web.deec.uc.pt\/en\/wp-json\/wp\/v2\/media?parent=2412"}],"curies":[{"name":"wp","href":"https:\/\/api.w.org\/{rel}","templated":true}]}}