{"id":2269,"date":"2022-05-25T11:00:03","date_gmt":"2022-05-25T11:00:03","guid":{"rendered":"https:\/\/web.deec.uc.pt\/?page_id=2269"},"modified":"2022-05-25T11:09:04","modified_gmt":"2022-05-25T11:09:04","slug":"uti-pedidos","status":"publish","type":"page","link":"https:\/\/web.deec.uc.pt\/en\/uti-pedidos\/","title":{"rendered":"Unidade de Tecnologias de Informa\u00e7\u00e3o &#8211; Pedidos"},"content":{"rendered":"<div data-elementor-type=\"wp-post\" data-elementor-id=\"2269\" class=\"elementor elementor-2269\" data-elementor-settings=\"{&quot;ha_cmc_init_switcher&quot;:&quot;no&quot;}\" data-elementor-post-type=\"page\">\n\t\t\t\t\t\t<section class=\"elementor-section elementor-top-section elementor-element elementor-element-12da867a elementor-section-height-min-height elementor-section-boxed elementor-section-height-default elementor-section-items-middle\" data-id=\"12da867a\" data-element_type=\"section\" data-settings=\"{&quot;background_background&quot;:&quot;slideshow&quot;,&quot;background_slideshow_gallery&quot;:[{&quot;id&quot;:2131,&quot;url&quot;:&quot;https:\\\/\\\/web.deec.uc.pt\\\/wp-content\\\/uploads\\\/2022\\\/05\\\/IMG_20220524_111158-scaled.jpg&quot;}],&quot;background_slideshow_loop&quot;:&quot;yes&quot;,&quot;background_slideshow_slide_duration&quot;:5000,&quot;background_slideshow_slide_transition&quot;:&quot;fade&quot;,&quot;background_slideshow_transition_duration&quot;:500,&quot;_ha_eqh_enable&quot;:false}\">\n\t\t\t\t\t\t\t<div class=\"elementor-background-overlay\"><\/div>\n\t\t\t\t\t\t\t<div class=\"elementor-container elementor-column-gap-default\">\n\t\t\t\t\t<div class=\"elementor-column elementor-col-50 elementor-top-column elementor-element elementor-element-b6a24a1\" data-id=\"b6a24a1\" data-element_type=\"column\">\n\t\t\t<div class=\"elementor-widget-wrap elementor-element-populated\">\n\t\t\t\t\t\t<div class=\"elementor-element elementor-element-8bcfc06 elementor-widget elementor-widget-heading\" data-id=\"8bcfc06\" data-element_type=\"widget\" data-widget_type=\"heading.default\">\n\t\t\t\t<div class=\"elementor-widget-container\">\n\t\t\t\t\t<h2 class=\"elementor-heading-title elementor-size-default\">Unidade de Tecnologias de Informa\u00e7\u00e3o<\/h2>\t\t\t\t<\/div>\n\t\t\t\t<\/div>\n\t\t\t\t\t<\/div>\n\t\t<\/div>\n\t\t\t\t<div class=\"elementor-column elementor-col-50 elementor-top-column elementor-element elementor-element-ffd499d\" data-id=\"ffd499d\" data-element_type=\"column\">\n\t\t\t<div class=\"elementor-widget-wrap elementor-element-populated\">\n\t\t\t\t\t\t<div class=\"elementor-element elementor-element-1fc7f98 elementor-widget elementor-widget-text-editor\" data-id=\"1fc7f98\" data-element_type=\"widget\" data-widget_type=\"text-editor.default\">\n\t\t\t\t<div class=\"elementor-widget-container\">\n\t\t\t\t\t\t\t\t\t<p><img decoding=\"async\" class=\"wp-image-2135 alignnone\" src=\"https:\/\/web.deec.uc.pt\/wp-content\/uploads\/2022\/05\/ucsschool_demo_portal-150x150.png\" alt=\"\" width=\"180\" height=\"180\" srcset=\"https:\/\/web.deec.uc.pt\/wp-content\/uploads\/2022\/05\/ucsschool_demo_portal-150x150.png 150w, https:\/\/web.deec.uc.pt\/wp-content\/uploads\/2022\/05\/ucsschool_demo_portal-300x300.png 300w, https:\/\/web.deec.uc.pt\/wp-content\/uploads\/2022\/05\/ucsschool_demo_portal-1024x1024.png 1024w, https:\/\/web.deec.uc.pt\/wp-content\/uploads\/2022\/05\/ucsschool_demo_portal-768x768.png 768w, https:\/\/web.deec.uc.pt\/wp-content\/uploads\/2022\/05\/ucsschool_demo_portal-1536x1536.png 1536w, https:\/\/web.deec.uc.pt\/wp-content\/uploads\/2022\/05\/ucsschool_demo_portal-2048x2048.png 2048w, https:\/\/web.deec.uc.pt\/wp-content\/uploads\/2022\/05\/ucsschool_demo_portal-12x12.png 12w, https:\/\/web.deec.uc.pt\/wp-content\/uploads\/2022\/05\/ucsschool_demo_portal-1568x1568.png 1568w\" sizes=\"(max-width: 180px) 100vw, 180px\" \/><\/p>\t\t\t\t\t\t\t\t<\/div>\n\t\t\t\t<\/div>\n\t\t\t\t\t<\/div>\n\t\t<\/div>\n\t\t\t\t\t<\/div>\n\t\t<\/section>\n\t\t\t\t<section class=\"elementor-section elementor-top-section elementor-element elementor-element-52025e3 elementor-section-boxed elementor-section-height-default elementor-section-height-default\" data-id=\"52025e3\" data-element_type=\"section\" data-settings=\"{&quot;_ha_eqh_enable&quot;:false}\">\n\t\t\t\t\t\t<div class=\"elementor-container elementor-column-gap-default\">\n\t\t\t\t\t<div class=\"elementor-column elementor-col-100 elementor-top-column elementor-element elementor-element-c320dd9\" data-id=\"c320dd9\" data-element_type=\"column\">\n\t\t\t<div class=\"elementor-widget-wrap elementor-element-populated\">\n\t\t\t\t\t\t<div class=\"elementor-element elementor-element-b7478ba elementor-widget elementor-widget-heading\" data-id=\"b7478ba\" data-element_type=\"widget\" data-widget_type=\"heading.default\">\n\t\t\t\t<div class=\"elementor-widget-container\">\n\t\t\t\t\t<h2 class=\"elementor-heading-title elementor-size-default\">Pedidos<\/h2>\t\t\t\t<\/div>\n\t\t\t\t<\/div>\n\t\t\t\t\t<\/div>\n\t\t<\/div>\n\t\t\t\t\t<\/div>\n\t\t<\/section>\n\t\t\t\t<section class=\"elementor-section elementor-top-section elementor-element elementor-element-5a7b9075 elementor-section-content-middle elementor-section-boxed elementor-section-height-default elementor-section-height-default\" data-id=\"5a7b9075\" data-element_type=\"section\" data-settings=\"{&quot;_ha_eqh_enable&quot;:false}\">\n\t\t\t\t\t\t<div class=\"elementor-container elementor-column-gap-no\">\n\t\t\t\t\t<div class=\"elementor-column elementor-col-100 elementor-top-column elementor-element elementor-element-56efa4ce\" data-id=\"56efa4ce\" data-element_type=\"column\">\n\t\t\t<div class=\"elementor-widget-wrap elementor-element-populated\">\n\t\t\t\t\t\t<section class=\"elementor-section elementor-inner-section elementor-element elementor-element-90ad9a elementor-section-content-middle elementor-section-boxed elementor-section-height-default elementor-section-height-default\" data-id=\"90ad9a\" data-element_type=\"section\" data-settings=\"{&quot;_ha_eqh_enable&quot;:false}\">\n\t\t\t\t\t\t<div class=\"elementor-container elementor-column-gap-wide\">\n\t\t\t\t\t<div class=\"elementor-column elementor-col-50 elementor-inner-column elementor-element elementor-element-7e7ae418\" data-id=\"7e7ae418\" data-element_type=\"column\">\n\t\t\t<div class=\"elementor-widget-wrap elementor-element-populated\">\n\t\t\t\t\t\t<div class=\"elementor-element elementor-element-a6ce8f1 elementor-position-top elementor-widget elementor-widget-image-box\" data-id=\"a6ce8f1\" data-element_type=\"widget\" data-widget_type=\"image-box.default\">\n\t\t\t\t<div class=\"elementor-widget-container\">\n\t\t\t\t\t<div class=\"elementor-image-box-wrapper\"><figure class=\"elementor-image-box-img\"><a href=\"https:\/\/survey.deec.uc.pt\/index.php\/459584?newtest=Y&#038;lang=pt\" target=\"_blank\" tabindex=\"-1\"><img fetchpriority=\"high\" decoding=\"async\" width=\"1920\" height=\"1200\" src=\"https:\/\/web.deec.uc.pt\/wp-content\/uploads\/2022\/05\/web-g26b3c516c_1920-1.jpg\" class=\"attachment-full size-full wp-image-2251\" alt=\"\" srcset=\"https:\/\/web.deec.uc.pt\/wp-content\/uploads\/2022\/05\/web-g26b3c516c_1920-1.jpg 1920w, https:\/\/web.deec.uc.pt\/wp-content\/uploads\/2022\/05\/web-g26b3c516c_1920-1-300x188.jpg 300w, https:\/\/web.deec.uc.pt\/wp-content\/uploads\/2022\/05\/web-g26b3c516c_1920-1-1024x640.jpg 1024w, https:\/\/web.deec.uc.pt\/wp-content\/uploads\/2022\/05\/web-g26b3c516c_1920-1-768x480.jpg 768w, https:\/\/web.deec.uc.pt\/wp-content\/uploads\/2022\/05\/web-g26b3c516c_1920-1-1536x960.jpg 1536w, https:\/\/web.deec.uc.pt\/wp-content\/uploads\/2022\/05\/web-g26b3c516c_1920-1-18x12.jpg 18w, https:\/\/web.deec.uc.pt\/wp-content\/uploads\/2022\/05\/web-g26b3c516c_1920-1-1568x980.jpg 1568w\" sizes=\"(max-width: 1920px) 100vw, 1920px\" \/><\/a><\/figure><div class=\"elementor-image-box-content\"><h3 class=\"elementor-image-box-title\"><a href=\"https:\/\/survey.deec.uc.pt\/index.php\/459584?newtest=Y&#038;lang=pt\" target=\"_blank\">Requisi\u00e7\u00e3o de meios t\u00e9cnicos para evento de Doutoramento<\/a><\/h3><\/div><\/div>\t\t\t\t<\/div>\n\t\t\t\t<\/div>\n\t\t\t\t\t<\/div>\n\t\t<\/div>\n\t\t\t\t<div class=\"elementor-column elementor-col-50 elementor-inner-column elementor-element elementor-element-4ceb2cd8\" data-id=\"4ceb2cd8\" data-element_type=\"column\">\n\t\t\t<div class=\"elementor-widget-wrap elementor-element-populated\">\n\t\t\t\t\t\t<div class=\"elementor-element elementor-element-8f551de elementor-position-top elementor-widget elementor-widget-image-box\" data-id=\"8f551de\" data-element_type=\"widget\" data-widget_type=\"image-box.default\">\n\t\t\t\t<div class=\"elementor-widget-container\">\n\t\t\t\t\t<div class=\"elementor-image-box-wrapper\"><figure class=\"elementor-image-box-img\"><a href=\"https:\/\/survey.deec.uc.pt\/index.php\/723762?newtest=Y&#038;lang=pt\" target=\"_blank\" tabindex=\"-1\"><img fetchpriority=\"high\" decoding=\"async\" width=\"1920\" height=\"1200\" src=\"https:\/\/web.deec.uc.pt\/wp-content\/uploads\/2022\/05\/web-g26b3c516c_1920-1.jpg\" class=\"attachment-full size-full wp-image-2251\" alt=\"\" srcset=\"https:\/\/web.deec.uc.pt\/wp-content\/uploads\/2022\/05\/web-g26b3c516c_1920-1.jpg 1920w, https:\/\/web.deec.uc.pt\/wp-content\/uploads\/2022\/05\/web-g26b3c516c_1920-1-300x188.jpg 300w, https:\/\/web.deec.uc.pt\/wp-content\/uploads\/2022\/05\/web-g26b3c516c_1920-1-1024x640.jpg 1024w, https:\/\/web.deec.uc.pt\/wp-content\/uploads\/2022\/05\/web-g26b3c516c_1920-1-768x480.jpg 768w, https:\/\/web.deec.uc.pt\/wp-content\/uploads\/2022\/05\/web-g26b3c516c_1920-1-1536x960.jpg 1536w, https:\/\/web.deec.uc.pt\/wp-content\/uploads\/2022\/05\/web-g26b3c516c_1920-1-18x12.jpg 18w, https:\/\/web.deec.uc.pt\/wp-content\/uploads\/2022\/05\/web-g26b3c516c_1920-1-1568x980.jpg 1568w\" sizes=\"(max-width: 1920px) 100vw, 1920px\" \/><\/a><\/figure><div class=\"elementor-image-box-content\"><h3 class=\"elementor-image-box-title\"><a href=\"https:\/\/survey.deec.uc.pt\/index.php\/723762?newtest=Y&#038;lang=pt\" target=\"_blank\">Requisi\u00e7\u00e3o de meios t\u00e9cnicos para evento com Streaming<\/a><\/h3><\/div><\/div>\t\t\t\t<\/div>\n\t\t\t\t<\/div>\n\t\t\t\t\t<\/div>\n\t\t<\/div>\n\t\t\t\t\t<\/div>\n\t\t<\/section>\n\t\t\t\t\t<\/div>\n\t\t<\/div>\n\t\t\t\t\t<\/div>\n\t\t<\/section>\n\t\t\t\t<\/div>","protected":false},"excerpt":{"rendered":"<p>Unidade de Tecnologias de Informa\u00e7\u00e3o Pedidos Requisi\u00e7\u00e3o de meios t\u00e9cnicos para evento de Doutoramento Requisi\u00e7\u00e3o de meios t\u00e9cnicos para evento com Streaming<\/p>","protected":false},"author":1,"featured_media":0,"parent":0,"menu_order":0,"comment_status":"closed","ping_status":"closed","template":"elementor_canvas","meta":{"_et_pb_use_builder":"","_et_pb_old_content":"","_et_gb_content_width":"","footnotes":""},"class_list":["post-2269","page","type-page","status-publish","hentry"],"_links":{"self":[{"href":"https:\/\/web.deec.uc.pt\/en\/wp-json\/wp\/v2\/pages\/2269","targetHints":{"allow":["GET"]}}],"collection":[{"href":"https:\/\/web.deec.uc.pt\/en\/wp-json\/wp\/v2\/pages"}],"about":[{"href":"https:\/\/web.deec.uc.pt\/en\/wp-json\/wp\/v2\/types\/page"}],"author":[{"embeddable":true,"href":"https:\/\/web.deec.uc.pt\/en\/wp-json\/wp\/v2\/users\/1"}],"replies":[{"embeddable":true,"href":"https:\/\/web.deec.uc.pt\/en\/wp-json\/wp\/v2\/comments?post=2269"}],"version-history":[{"count":19,"href":"https:\/\/web.deec.uc.pt\/en\/wp-json\/wp\/v2\/pages\/2269\/revisions"}],"predecessor-version":[{"id":2297,"href":"https:\/\/web.deec.uc.pt\/en\/wp-json\/wp\/v2\/pages\/2269\/revisions\/2297"}],"wp:attachment":[{"href":"https:\/\/web.deec.uc.pt\/en\/wp-json\/wp\/v2\/media?parent=2269"}],"curies":[{"name":"wp","href":"https:\/\/api.w.org\/{rel}","templated":true}]}}